{"id":5030,"date":"2021-11-30T14:13:46","date_gmt":"2021-11-30T14:13:46","guid":{"rendered":"https:\/\/staging.uhrwerk-gutach.de\/herr-zeit\/?page_id=5030"},"modified":"2023-08-23T18:19:43","modified_gmt":"2023-08-23T18:19:43","slug":"manufaktur","status":"publish","type":"page","link":"https:\/\/update.uhrwerk-gutach.de\/herr-zeit\/manufaktur\/","title":{"rendered":"Manufaktur"},"content":{"rendered":"\n<div class=\"wp-block-uagb-container uagb-block-be6c1585 alignfull uagb-is-root-container\"><div class=\"uagb-container-inner-blocks-wrap\">\n<div class=\"wp-block-uagb-advanced-heading uagb-block-8b7887f1\"><h1 class=\"uagb-heading-text\">MANUFAKTUR<\/h1><\/div>\n<\/div><\/div>\n\n\n\n<div style=\"height:54px\" aria-hidden=\"true\" class=\"wp-block-spacer\"><\/div>\n\n\n\n<div class=\"wp-block-uagb-container uagb-block-df9ff384 alignfull uagb-is-root-container\"><div class=\"uagb-container-inner-blocks-wrap\">\n<div class=\"wp-block-uagb-container uagb-block-01fba234\">\n<p>HERSTELLER VON KUCKUCKSUHREN IN 7. GENERATION<\/p>\n\n\n\n<div class=\"wp-block-uagb-advanced-heading uagb-block-35fd9df9\"><h2 class=\"uagb-heading-text\">FAMILIE&nbsp;HERR<\/h2><\/div>\n\n\n\n<div class=\"wp-block-uagb-separator uagb-block-c42474c7\"><div class=\"wp-block-uagb-separator__inner\" style=\"--my-background-image:\"><\/div><\/div>\n\n\n\n<p>Nachdem Anton Ketterer im Jahre 1730 die erste Kuckucksuhr gebaut hatte, begann&nbsp;<strong>1780<\/strong>&nbsp;Johann Hiller, ein Vorfahr von Adolf Herr, Schwarzwalduhren herzustellen.<\/p>\n\n\n\n<p>Sein Schwiegersohn, Johann Babtist Rainer, geb. 1763, f\u00fchrte das Uhr machen fort. Johann Babtist Rainers Schwiegersohn,&nbsp;<strong>Christian Herr<\/strong>, war wiederum&nbsp;<strong>Uhrmacher<\/strong>. Ab dieser Zeit wurde die Uhrmacherkunst vom Vater auf den Sohn weitergegeben.<\/p>\n\n\n\n<p>Christian Herr, geb. 1814, Robert Herr, geb. 1876, und Rudolf Herr schufen eine&nbsp;<strong>Familientradition in der Herstellung feiner Uhren<\/strong>.<\/p>\n\n\n\n<p>Rudolfs Sohn&nbsp;<strong>Adolf Herr<\/strong>, verheiratet mit Gerlinde Eble, deren Urgro\u00dfvater und Vater ebenfalls Uhrmacher waren, er\u00f6ffnete&nbsp;<strong>1977<\/strong>&nbsp;sein eigenes Gesch\u00e4ft \u2013&nbsp;<strong>Haus der Schwarzwalduhren<\/strong>. Seither kreiert er zusammen mit seinem Sohn J\u00fcrgen (7. Generation) Kuckucksuhren, entwickelt neue Designs und erfindet neue Bewegungen, die in vielen Haushalten in Deutschland und in \u00dcbersee einen besonderen Platz gefunden haben.<\/p>\n<\/div>\n\n\n\n<div class=\"wp-block-uagb-container uagb-block-3e6970bf\">\n<div class=\"wp-block-uagb-image aligncenter uagb-block-05de9837 wp-block-uagb-image--layout-default wp-block-uagb-image--effect-static wp-block-uagb-image--align-center\"><figure class=\"wp-block-uagb-image__figure\"><img decoding=\"async\" srcset=\"https:\/\/update.uhrwerk-gutach.de\/herr-zeit\/wp-content\/uploads\/sites\/5\/2021\/11\/Herr_Uhrenmacherfamilie_Gruppenfoto-1024x731.jpg \" sizes=\"auto, (max-width: 480px) 150px\" src=\"https:\/\/update.uhrwerk-gutach.de\/herr-zeit\/wp-content\/uploads\/sites\/5\/2021\/11\/Herr_Uhrenmacherfamilie_Gruppenfoto-1024x731.jpg\" alt=\"\" class=\"uag-image-5049\" width=\"1024\" height=\"731\" title=\"\" loading=\"lazy\"\/><\/figure><\/div>\n\n\n\n<p class=\"has-text-align-center\">Adolf, Paul, Gerlinde, Anna, J\u00fcrgen<\/p>\n<\/div>\n<\/div><\/div>\n\n\n\n<div class=\"wp-block-uagb-container uagb-block-bb64ca78 alignfull uagb-is-root-container\"><div class=\"uagb-container-inner-blocks-wrap\">\n<div class=\"wp-block-uagb-container uagb-block-ad033945\">\n<p>6. GENERATION<\/p>\n\n\n\n<div class=\"wp-block-uagb-advanced-heading uagb-block-c7aef4a4\"><h3 class=\"uagb-heading-text\">ADOLF&nbsp;HERR<\/h3><\/div>\n\n\n\n<div class=\"wp-block-uagb-separator uagb-block-77b2795f\"><div class=\"wp-block-uagb-separator__inner\" style=\"--my-background-image:\"><\/div><\/div>\n\n\n\n<div class=\"wp-block-uagb-image uagb-block-130a8f28 wp-block-uagb-image--layout-default wp-block-uagb-image--effect-static wp-block-uagb-image--align-none\"><figure class=\"wp-block-uagb-image__figure\"><img decoding=\"async\" srcset=\"https:\/\/update.uhrwerk-gutach.de\/herr-zeit\/wp-content\/uploads\/sites\/5\/2021\/11\/Adolf_Herr_Uhrmacher.jpg \" sizes=\"auto, (max-width: 480px) 150px\" src=\"https:\/\/update.uhrwerk-gutach.de\/herr-zeit\/wp-content\/uploads\/sites\/5\/2021\/11\/Adolf_Herr_Uhrmacher.jpg\" alt=\"\" class=\"uag-image-4952\" width=\"600\" height=\"837\" title=\"\" loading=\"lazy\"\/><\/figure><\/div>\n<\/div>\n\n\n\n<div class=\"wp-block-uagb-container uagb-block-7ec32198\">\n<p>7. GENERATION<\/p>\n\n\n\n<div class=\"wp-block-uagb-advanced-heading uagb-block-ab8ae59d\"><h3 class=\"uagb-heading-text\">J\u00dcRGEN&nbsp;HERR<\/h3><\/div>\n\n\n\n<div class=\"wp-block-uagb-separator uagb-block-23b91968\"><div class=\"wp-block-uagb-separator__inner\" style=\"--my-background-image:\"><\/div><\/div>\n\n\n\n<div class=\"wp-block-uagb-image uagb-block-0dedb142 wp-block-uagb-image--layout-default wp-block-uagb-image--effect-static wp-block-uagb-image--align-none\"><figure class=\"wp-block-uagb-image__figure\"><img decoding=\"async\" srcset=\"https:\/\/update.uhrwerk-gutach.de\/herr-zeit\/wp-content\/uploads\/sites\/5\/2021\/11\/Juergen-Herr-Uhrmacher.jpg \" sizes=\"auto, (max-width: 480px) 150px\" src=\"https:\/\/update.uhrwerk-gutach.de\/herr-zeit\/wp-content\/uploads\/sites\/5\/2021\/11\/Juergen-Herr-Uhrmacher.jpg\" alt=\"\" class=\"uag-image-4958\" width=\"600\" height=\"837\" title=\"\" loading=\"lazy\"\/><\/figure><\/div>\n<\/div>\n\n\n\n<div class=\"wp-block-uagb-container uagb-block-297044be\">\n<p>3 GENERATIONEN<\/p>\n\n\n\n<div class=\"wp-block-uagb-advanced-heading uagb-block-ba36558a\"><h3 class=\"uagb-heading-text\">J\u00dcRGEN,&nbsp;PAUL &amp; ADOLF<\/h3><\/div>\n\n\n\n<div class=\"wp-block-uagb-separator uagb-block-5ea36bd4\"><div class=\"wp-block-uagb-separator__inner\" style=\"--my-background-image:\"><\/div><\/div>\n\n\n\n<div class=\"wp-block-uagb-image uagb-block-5fbf54e2 wp-block-uagb-image--layout-default wp-block-uagb-image--effect-static wp-block-uagb-image--align-none\"><figure class=\"wp-block-uagb-image__figure\"><img decoding=\"async\" srcset=\"https:\/\/update.uhrwerk-gutach.de\/herr-zeit\/wp-content\/uploads\/sites\/5\/2023\/07\/3_Generationen_Herrzeit.jpg \" sizes=\"auto, (max-width: 480px) 150px\" src=\"https:\/\/update.uhrwerk-gutach.de\/herr-zeit\/wp-content\/uploads\/sites\/5\/2023\/07\/3_Generationen_Herrzeit.jpg\" alt=\"\" class=\"uag-image-5433\" width=\"600\" height=\"837\" title=\"\" loading=\"lazy\"\/><\/figure><\/div>\n<\/div>\n<\/div><\/div>\n\n\n\n<div class=\"wp-block-uagb-separator uagb-block-021550f9\"><div class=\"wp-block-uagb-separator__inner\" style=\"--my-background-image:\"><\/div><\/div>\n\n\n\n<div class=\"wp-block-uagb-container uagb-block-a1e1cfd8 alignfull uagb-is-root-container\"><div class=\"uagb-container-inner-blocks-wrap\">\n<div class=\"wp-block-uagb-container uagb-block-ebadf8f2\">\n<p>MIT LIEBE ZUM DETAIL<\/p>\n\n\n\n<div class=\"wp-block-uagb-advanced-heading uagb-block-bb64a3f9\"><h2 class=\"uagb-heading-text\">HANDGEMACHTE&nbsp;KUCKUCKSUHREN<\/h2><\/div>\n\n\n\n<div class=\"wp-block-uagb-separator uagb-block-13253146\"><div class=\"wp-block-uagb-separator__inner\" style=\"--my-background-image:\"><\/div><\/div>\n\n\n\n<p>Bei Kuckucksuhren gibt es sehr verschiedene St\u00fccke. Das beginnt schon beim Design: Von sehr schlichten Uhren, die ein Laubwerk abbilden bis hin zu buntbemalten Dorfgemeinschaften ist dabei alles vertreten.<br>Auch die verschiedensten Bewegungen k\u00f6nnen enthalten sein: Holzf\u00e4ller, die B\u00e4ume hacken, junge M\u00e4dchen, die die volle Stunde mit einem Tanz begleiten oder Wanderer, die einen Bierkrug stemmen. Die bunte Tierwelt des Schwarzwalds ist auch vertreten: F\u00fcchse, Hasen und Eichh\u00f6rnchen begleiten den Ruf des Kuckucks. Dazu k\u00f6nnen neben den Blaseb\u00e4lgen auch Spieluhren Verwendung finden, die den Ruf des Kuckucks mit einer zus\u00e4tzlichen Melodie begleiten.<\/p>\n\n\n\n<p>Diese Vielfalt an einzigartigen&nbsp;<strong>Kuckucksuhren<\/strong>&nbsp;finden Sie bei uns. Jede Uhr wird mit Sorgfalt und Liebe zum Detail hergestellt.<\/p>\n<\/div>\n\n\n\n<div class=\"wp-block-uagb-container uagb-block-83c6ebe3\">\n<div class=\"wp-block-uagb-image aligncenter uagb-block-7f69105a wp-block-uagb-image--layout-default wp-block-uagb-image--effect-static wp-block-uagb-image--align-center\"><figure class=\"wp-block-uagb-image__figure\"><img decoding=\"async\" srcset=\"https:\/\/update.uhrwerk-gutach.de\/herr-zeit\/wp-content\/uploads\/sites\/5\/2021\/11\/Uhrenmacherrin_Jacqueline_Ruiz.jpg \" sizes=\"auto, (max-width: 480px) 150px\" src=\"https:\/\/update.uhrwerk-gutach.de\/herr-zeit\/wp-content\/uploads\/sites\/5\/2021\/11\/Uhrenmacherrin_Jacqueline_Ruiz.jpg\" alt=\"\" class=\"uag-image-5053\" width=\"1600\" height=\"1142\" title=\"\" loading=\"lazy\"\/><\/figure><\/div>\n<\/div>\n<\/div><\/div>\n\n\n\n<div class=\"wp-block-uagb-separator uagb-block-1ec2cc75\"><div class=\"wp-block-uagb-separator__inner\" style=\"--my-background-image:\"><\/div><\/div>\n\n\n\n<div class=\"wp-block-uagb-container uagb-block-4a5cb4a8 alignfull uagb-is-root-container\"><div class=\"uagb-container-inner-blocks-wrap\">\n<div class=\"wp-block-uagb-call-to-action uagb-block-89256452 wp-block-button\"><div class=\"uagb-cta__wrap\"><\/div><div class=\"uagb-cta__buttons\"><a href=\"https:\/\/www.haus-der-schwarzwalduhren.de\/\" class=\"uagb-cta__button-link-wrapper wp-block-button__link\" target=\"_blank\" rel=\"noopener noreferrer\">Zum Onlineshop<svg xmlns=\"https:\/\/www.w3.org\/2000\/svg\" viewBox=\"0 0 576 512\"><path d=\"M96 0C107.5 0 117.4 8.19 119.6 19.51L121.1 32H541.8C562.1 32 578.3 52.25 572.6 72.66L518.6 264.7C514.7 278.5 502.1 288 487.8 288H170.7L179.9 336H488C501.3 336 512 346.7 512 360C512 373.3 501.3 384 488 384H159.1C148.5 384 138.6 375.8 136.4 364.5L76.14 48H24C10.75 48 0 37.25 0 24C0 10.75 10.75 0 24 0H96zM128 464C128 437.5 149.5 416 176 416C202.5 416 224 437.5 224 464C224 490.5 202.5 512 176 512C149.5 512 128 490.5 128 464zM512 464C512 490.5 490.5 512 464 512C437.5 512 416 490.5 416 464C416 437.5 437.5 416 464 416C490.5 416 512 437.5 512 464z\"><\/path><\/svg><\/a><\/div><\/div>\n<\/div><\/div>\n","protected":false},"excerpt":{"rendered":"<p>MANUFAKTUR HERSTELLER VON KUCKUCKSUHREN IN 7. GENERATION FAMILIE&nbsp;HERR Nachdem Anton Ketterer im Jahre 1730 die erste Kuckucksuhr gebaut hatte, begann&nbsp;1780&nbsp;Johann Hiller, ein Vorfahr von Adolf Herr, Schwarzwalduhren herzustellen. Sein Schwiegersohn, Johann Babtist Rainer, geb. 1763, f\u00fchrte das Uhr machen fort. Johann Babtist Rainers Schwiegersohn,&nbsp;Christian Herr, war wiederum&nbsp;Uhrmacher. Ab dieser Zeit wurde die Uhrmacherkunst vom Vater [&hellip;]<\/p>\n","protected":false},"author":1,"featured_media":0,"parent":0,"menu_order":0,"comment_status":"closed","ping_status":"closed","template":"","meta":{"_uag_custom_page_level_css":"","site-sidebar-layout":"default","site-content-layout":"","ast-site-content-layout":"default","site-content-style":"default","site-sidebar-style":"default","ast-global-header-display":"","ast-banner-title-visibility":"","ast-main-header-display":"","ast-hfb-above-header-display":"","ast-hfb-below-header-display":"","ast-hfb-mobile-header-display":"","site-post-title":"disabled","ast-breadcrumbs-content":"","ast-featured-img":"","footer-sml-layout":"","ast-disable-related-posts":"","theme-transparent-header-meta":"","adv-header-id-meta":"","stick-header-meta":"","header-above-stick-meta":"","header-main-stick-meta":"","header-below-stick-meta":"","astra-migrate-meta-layouts":"set","ast-page-background-enabled":"default","ast-page-background-meta":{"desktop":{"background-color":"var(--ast-global-color-4)","background-image":"","background-repeat":"repeat","background-position":"center center","background-size":"auto","background-attachment":"scroll","background-type":"","background-media":"","overlay-type":"","overlay-color":"","overlay-opacity":"","overlay-gradient":""},"tablet":{"background-color":"","background-image":"","background-repeat":"repeat","background-position":"center center","background-size":"auto","background-attachment":"scroll","background-type":"","background-media":"","overlay-type":"","overlay-color":"","overlay-opacity":"","overlay-gradient":""},"mobile":{"background-color":"","background-image":"","background-repeat":"repeat","background-position":"center center","background-size":"auto","background-attachment":"scroll","background-type":"","background-media":"","overlay-type":"","overlay-color":"","overlay-opacity":"","overlay-gradient":""}},"ast-content-background-meta":{"desktop":{"background-color":"var(--ast-global-color-5)","background-image":"","background-repeat":"repeat","background-position":"center center","background-size":"auto","background-attachment":"scroll","background-type":"","background-media":"","overlay-type":"","overlay-color":"","overlay-opacity":"","overlay-gradient":""},"tablet":{"background-color":"var(--ast-global-color-5)","background-image":"","background-repeat":"repeat","background-position":"center center","background-size":"auto","background-attachment":"scroll","background-type":"","background-media":"","overlay-type":"","overlay-color":"","overlay-opacity":"","overlay-gradient":""},"mobile":{"background-color":"var(--ast-global-color-5)","background-image":"","background-repeat":"repeat","background-position":"center center","background-size":"auto","background-attachment":"scroll","background-type":"","background-media":"","overlay-type":"","overlay-color":"","overlay-opacity":"","overlay-gradient":""}},"footnotes":""},"class_list":["post-5030","page","type-page","status-publish","hentry"],"uagb_featured_image_src":{"full":false,"thumbnail":false,"medium":false,"medium_large":false,"large":false,"1536x1536":false,"2048x2048":false},"uagb_author_info":{"display_name":"admin","author_link":"https:\/\/update.uhrwerk-gutach.de\/herr-zeit\/blog\/author\/cweber\/"},"uagb_comment_info":0,"uagb_excerpt":"MANUFAKTUR HERSTELLER VON KUCKUCKSUHREN IN 7. GENERATION FAMILIE&nbsp;HERR Nachdem Anton Ketterer im Jahre 1730 die erste Kuckucksuhr gebaut hatte, begann&nbsp;1780&nbsp;Johann Hiller, ein Vorfahr von Adolf Herr, Schwarzwalduhren herzustellen. Sein Schwiegersohn, Johann Babtist Rainer, geb. 1763, f\u00fchrte das Uhr machen fort. Johann Babtist Rainers Schwiegersohn,&nbsp;Christian Herr, war wiederum&nbsp;Uhrmacher. Ab dieser Zeit wurde die Uhrmacherkunst vom Vater&hellip;","_links":{"self":[{"href":"https:\/\/update.uhrwerk-gutach.de\/herr-zeit\/wp-json\/wp\/v2\/pages\/5030","targetHints":{"allow":["GET"]}}],"collection":[{"href":"https:\/\/update.uhrwerk-gutach.de\/herr-zeit\/wp-json\/wp\/v2\/pages"}],"about":[{"href":"https:\/\/update.uhrwerk-gutach.de\/herr-zeit\/wp-json\/wp\/v2\/types\/page"}],"author":[{"embeddable":true,"href":"https:\/\/update.uhrwerk-gutach.de\/herr-zeit\/wp-json\/wp\/v2\/users\/1"}],"replies":[{"embeddable":true,"href":"https:\/\/update.uhrwerk-gutach.de\/herr-zeit\/wp-json\/wp\/v2\/comments?post=5030"}],"version-history":[{"count":40,"href":"https:\/\/update.uhrwerk-gutach.de\/herr-zeit\/wp-json\/wp\/v2\/pages\/5030\/revisions"}],"predecessor-version":[{"id":5490,"href":"https:\/\/update.uhrwerk-gutach.de\/herr-zeit\/wp-json\/wp\/v2\/pages\/5030\/revisions\/5490"}],"wp:attachment":[{"href":"https:\/\/update.uhrwerk-gutach.de\/herr-zeit\/wp-json\/wp\/v2\/media?parent=5030"}],"curies":[{"name":"wp","href":"https:\/\/api.w.org\/{rel}","templated":true}]}}