{"id":1552,"date":"2019-04-28T19:20:39","date_gmt":"2019-04-28T19:20:39","guid":{"rendered":"https:\/\/dev.uhrwerk-gutach.de\/?page_id=1552"},"modified":"2025-01-23T10:20:44","modified_gmt":"2025-01-23T10:20:44","slug":"raeumlichkeiten","status":"publish","type":"page","link":"https:\/\/update.uhrwerk-gutach.de\/webers-esszeit\/raeumlichkeiten\/","title":{"rendered":"R\u00e4umlichkeiten"},"content":{"rendered":"\n<div class=\"wp-block-uagb-container uagb-block-fd528d49 alignfull uagb-is-root-container\"><div class=\"uagb-container-inner-blocks-wrap\">\n<div class=\"wp-block-uagb-advanced-heading uagb-block-bd2882dd\"><h1 class=\"uagb-heading-text\">R\u00c4UMLICHKEITEN<\/h1><\/div>\n\n\n\n<p class=\"has-text-align-center has-ast-global-color-5-color has-text-color has-medium-font-size\">SCHWARZWALD WOHIN MAN BLICKT<\/p>\n<\/div><\/div>\n\n\n\n<div class=\"wp-block-uagb-container uagb-block-65b00df5 alignfull uagb-is-root-container\"><div class=\"uagb-container-inner-blocks-wrap\">\n<div class=\"wp-block-uagb-container uagb-block-c2ec35e1\">\n<div class=\"wp-block-uagb-info-box uagb-block-99b1d961 uagb-infobox__content-wrap  uagb-infobox-icon-above-title uagb-infobox-image-valign-top\"><div class=\"uagb-ifb-content\"><div class=\"uagb-ifb-title-wrap\"><span class=\"uagb-ifb-title-prefix\">EINE&nbsp;GROSSARTIGE EVENTLOCATION<\/span><h3 class=\"uagb-ifb-title\">UNSERE&nbsp;STUBEN<\/h3><\/div><p class=\"uagb-ifb-desc\">Unsere R\u00e4umlichkeiten verbinden <strong>heimatliches Schwarzwald-Flair mit badischer Gastlichkeit<\/strong>. Wir m\u00f6chten, dass Sie sich so richtig wohlf\u00fchlen! Deshalb setzen wir auf einen Mix aus traditionellen und modernen Einrichtungselementen. Viel Holz sorgt f\u00fcr eine<strong> warme, famili\u00e4re Atmosph\u00e4re<\/strong>, die zum Verweilen einl\u00e4dt.<br>Die urigen Stuben das Landhaus und die Eventscheune bieten <strong>Platz f\u00fcr 400 Besucher.<\/strong> <br>Etwa 150 weitere Sitzpl\u00e4tze befinden sich auf unserer Sonnenterrasse im Au\u00dfenbereich.<\/p><\/div><\/div>\n\n\n\n<div class=\"wp-block-uagb-container uagb-block-7737422e\">\n<figure class=\"wp-block-image size-large uag-hide-tab uag-hide-mob\"><img loading=\"lazy\" decoding=\"async\" width=\"1024\" height=\"899\" src=\"https:\/\/update.uhrwerk-gutach.de\/webers-esszeit\/wp-content\/uploads\/sites\/8\/2019\/12\/Braustube-14-1024x899.jpg\" alt=\"Braustube\" class=\"wp-image-3558\" srcset=\"https:\/\/update.uhrwerk-gutach.de\/webers-esszeit\/wp-content\/uploads\/sites\/8\/2019\/12\/Braustube-14-1024x899.jpg 1024w, https:\/\/update.uhrwerk-gutach.de\/webers-esszeit\/wp-content\/uploads\/sites\/8\/2019\/12\/Braustube-14-300x263.jpg 300w, https:\/\/update.uhrwerk-gutach.de\/webers-esszeit\/wp-content\/uploads\/sites\/8\/2019\/12\/Braustube-14-768x674.jpg 768w, https:\/\/update.uhrwerk-gutach.de\/webers-esszeit\/wp-content\/uploads\/sites\/8\/2019\/12\/Braustube-14-200x176.jpg 200w, https:\/\/update.uhrwerk-gutach.de\/webers-esszeit\/wp-content\/uploads\/sites\/8\/2019\/12\/Braustube-14.jpg 1700w\" sizes=\"auto, (max-width: 1024px) 100vw, 1024px\" \/><\/figure>\n<\/div>\n<\/div>\n\n\n\n<div class=\"wp-block-uagb-separator uagb-block-b601b19d uag-hide-tab uag-hide-mob\"><div class=\"wp-block-uagb-separator__inner\" style=\"--my-background-image:\"><\/div><\/div>\n<\/div><\/div>\n\n\n\n<div class=\"wp-block-uagb-container uagb-block-8487981c alignfull uagb-is-root-container\"><div class=\"uagb-container-inner-blocks-wrap\">\n<p>KETTERER SIND NETTERER<\/p>\n\n\n\n<div class=\"wp-block-uagb-advanced-heading uagb-block-547b6ef3\"><h2 class=\"uagb-heading-text\">BRAUSTUBE<\/h2><\/div>\n\n\n\n<div class=\"wp-block-uagb-separator uagb-block-d1fd0f0f uag-hide-tab uag-hide-mob\"><div class=\"wp-block-uagb-separator__inner\" style=\"--my-background-image:\"><\/div><\/div>\n<\/div><\/div>\n\n\n\n<div class=\"wp-block-uagb-container uagb-block-4bdb6114 alignfull uagb-is-root-container\"><div class=\"uagb-container-inner-blocks-wrap\">\n<div class=\"wp-block-uagb-container uagb-block-d3f49598\">\n<\/div>\n\n\n\n<div class=\"wp-block-uagb-container uagb-block-7e79fcf8\">\n<div class=\"wp-block-uagb-container uagb-block-4db40ad4\">\n<p>Bei einem Besuch des Erlebnisdorfs \u201eUhrwerk\u201c darf ein Abstecher in unsere urige Braustube keinesfalls fehlen. Rustikal und gem\u00fctlich, so beschreibt man unsere Braustube mit nur zwei Worten. Ein liebevoll restaurierter Braukessel, sowie die alten Holzf\u00e4sser aus fr\u00fcheren Zeiten, machen diesen Raum zu etwas ganz Besonderem. Die gem\u00fctlichen Sitzgelegenheiten laden zum Verweilen und Verkosten des Bieres ein.<br><br>Dieses stammt \u00fcbrigens aus unserer Region: Die Familienbrauerei Ketterer aus Hornberg braut seit 1877 preisgekr\u00f6nte Biere. Von feinherb bis kr\u00e4ftig und r\u00f6stmalzaromatisch ist f\u00fcr jeden Geschmack das passende Bier dabei. Genie\u00dfen Sie eine k\u00fchle Erfrischung und verbringen Sie sch\u00f6ne Stunden in bester Gesellschaft und entspannter Atmosph\u00e4re. Die Braustube bietet insgesamt Platz f\u00fcr <strong>bis zu 40 Personen<\/strong>.<\/p>\n<\/div>\n<\/div>\n<\/div><\/div>\n\n\n\n<div class=\"wp-block-uagb-separator uagb-block-55db2d19\"><div class=\"wp-block-uagb-separator__inner\" style=\"--my-background-image:url(&quot;data:image\/svg+xml,%3Csvg width='16' height='16' viewBox='0 0 16 16' fill='none' xmlns='http:\/\/www.w3.org\/2000\/svg'%3E%3Cg clip-path='url(%23clip0_2356_5631)'%3E%3Cpath d='M15 1C10.5 1 9 2.5 9 7C13.5 7 15 5.5 15 1Z' stroke='black'\/%3E%3Cpath d='M1 1C5.5 1 7 2.5 7 7C2.5 7 1 5.5 1 1Z' stroke='black'\/%3E%3Cpath d='M15 15C10.5 15 9 13.5 9 9C13.5 9 15 10.5 15 15Z' stroke='black'\/%3E%3Cpath d='M1 15C5.5 15 7 13.5 7 9C2.5 9 1 10.5 1 15Z' stroke='black'\/%3E%3C\/g%3E%3Cdefs%3E%3CclipPath id='clip0_2356_5631'%3E%3Crect width='16' height='16' fill='white'\/%3E%3C\/clipPath%3E%3C\/defs%3E%3C\/svg%3E&quot;)\"><\/div><\/div>\n\n\n\n<div class=\"wp-block-uagb-container uagb-block-05039007 alignfull uagb-is-root-container\"><div class=\"uagb-container-inner-blocks-wrap\">\n<p>DEN SCHWARZWALD AUF EINEN BLICK<\/p>\n\n\n\n<div class=\"wp-block-uagb-advanced-heading uagb-block-307eadd5\"><h2 class=\"uagb-heading-text\">UHRMACHERSTUBE<\/h2><\/div>\n\n\n\n<div class=\"wp-block-uagb-separator uagb-block-0388a113 uag-hide-tab uag-hide-mob\"><div class=\"wp-block-uagb-separator__inner\" style=\"--my-background-image:\"><\/div><\/div>\n<\/div><\/div>\n\n\n\n<div class=\"wp-block-uagb-container uagb-block-4efccbeb alignfull uagb-is-root-container\"><div class=\"uagb-container-inner-blocks-wrap\">\n<div class=\"wp-block-uagb-container uagb-block-e8f32129\">\n<\/div>\n\n\n\n<div class=\"wp-block-uagb-container uagb-block-eaefcdb6\">\n<div class=\"wp-block-uagb-container uagb-block-ef254e4b\">\n<p>Was w\u00e4re der Schwarzwald ohne seine Kuckucksuhren? Diese alte Tradition wird in der Uhrmacherstube aufgegriffen. Ein kleiner Kaminofen umringt von Kuckucksuhren und Bollenh\u00fcten, gemalte Schwarzwaldkulissen an den W\u00e4nden. Hier trifft Moderne auf Tradition.<br><br>In der Uhrmacherstube finden <strong>bis zu 35 Personen<\/strong> einen Platz.<\/p>\n<\/div>\n<\/div>\n<\/div><\/div>\n\n\n\n<div class=\"wp-block-uagb-separator uagb-block-128882a5\"><div class=\"wp-block-uagb-separator__inner\" style=\"--my-background-image:url(&quot;data:image\/svg+xml,%3Csvg width='16' height='16' viewBox='0 0 16 16' fill='none' xmlns='http:\/\/www.w3.org\/2000\/svg'%3E%3Cg clip-path='url(%23clip0_2356_5631)'%3E%3Cpath d='M15 1C10.5 1 9 2.5 9 7C13.5 7 15 5.5 15 1Z' stroke='black'\/%3E%3Cpath d='M1 1C5.5 1 7 2.5 7 7C2.5 7 1 5.5 1 1Z' stroke='black'\/%3E%3Cpath d='M15 15C10.5 15 9 13.5 9 9C13.5 9 15 10.5 15 15Z' stroke='black'\/%3E%3Cpath d='M1 15C5.5 15 7 13.5 7 9C2.5 9 1 10.5 1 15Z' stroke='black'\/%3E%3C\/g%3E%3Cdefs%3E%3CclipPath id='clip0_2356_5631'%3E%3Crect width='16' height='16' fill='white'\/%3E%3C\/clipPath%3E%3C\/defs%3E%3C\/svg%3E&quot;)\"><\/div><\/div>\n\n\n\n<div class=\"wp-block-uagb-container uagb-block-f19b27c0 alignfull uagb-is-root-container\"><div class=\"uagb-container-inner-blocks-wrap\">\n<p>WIE UNTER FREIEM HIMMEL<\/p>\n\n\n\n<div class=\"wp-block-uagb-advanced-heading uagb-block-590d1b45\"><h2 class=\"uagb-heading-text\">VOGTSSTUBE<\/h2><\/div>\n\n\n\n<div class=\"wp-block-uagb-separator uagb-block-52b066d1 uag-hide-tab uag-hide-mob\"><div class=\"wp-block-uagb-separator__inner\" style=\"--my-background-image:\"><\/div><\/div>\n<\/div><\/div>\n\n\n\n<div class=\"wp-block-uagb-container uagb-block-4d3c9573 alignfull uagb-is-root-container\"><div class=\"uagb-container-inner-blocks-wrap\">\n<div class=\"wp-block-uagb-container uagb-block-e18c16e2\">\n<\/div>\n\n\n\n<div class=\"wp-block-uagb-container uagb-block-9b2d8573\">\n<div class=\"wp-block-uagb-container uagb-block-165b0de8\">\n<p>Die Vogtsstube besticht durch ihre hohen Decken und das riesige Glasdach. Genie\u00dfen Sie Ihre sch\u00f6nste Stunden in den hellen und lichtdurchfluteten R\u00e4umlichkeiten und lassen sie sich verzaubern vom Charme der einzigartigen Stube.<br><br>Je nach Bestuhlung wird hier Platz f\u00fcr<strong> bis zu 50 Personen<\/strong> geboten.<\/p>\n<\/div>\n<\/div>\n<\/div><\/div>\n\n\n\n<div class=\"wp-block-uagb-separator uagb-block-e5f095b0\"><div class=\"wp-block-uagb-separator__inner\" style=\"--my-background-image:url(&quot;data:image\/svg+xml,%3Csvg width='16' height='16' viewBox='0 0 16 16' fill='none' xmlns='http:\/\/www.w3.org\/2000\/svg'%3E%3Cg clip-path='url(%23clip0_2356_5631)'%3E%3Cpath d='M15 1C10.5 1 9 2.5 9 7C13.5 7 15 5.5 15 1Z' stroke='black'\/%3E%3Cpath d='M1 1C5.5 1 7 2.5 7 7C2.5 7 1 5.5 1 1Z' stroke='black'\/%3E%3Cpath d='M15 15C10.5 15 9 13.5 9 9C13.5 9 15 10.5 15 15Z' stroke='black'\/%3E%3Cpath d='M1 15C5.5 15 7 13.5 7 9C2.5 9 1 10.5 1 15Z' stroke='black'\/%3E%3C\/g%3E%3Cdefs%3E%3CclipPath id='clip0_2356_5631'%3E%3Crect width='16' height='16' fill='white'\/%3E%3C\/clipPath%3E%3C\/defs%3E%3C\/svg%3E&quot;)\"><\/div><\/div>\n\n\n\n<div class=\"wp-block-uagb-container uagb-block-d14c9a89 alignfull uagb-is-root-container\"><div class=\"uagb-container-inner-blocks-wrap\">\n<p>DARF ES EIN BISSCHEN MEHR SEIN?<\/p>\n\n\n\n<div class=\"wp-block-uagb-advanced-heading uagb-block-beabaf21\"><h2 class=\"uagb-heading-text\">LANDHAUS<\/h2><\/div>\n\n\n\n<div class=\"wp-block-uagb-separator uagb-block-e0502724 uag-hide-tab uag-hide-mob\"><div class=\"wp-block-uagb-separator__inner\" style=\"--my-background-image:\"><\/div><\/div>\n<\/div><\/div>\n\n\n\n<div class=\"wp-block-uagb-container uagb-block-779c3181 alignfull uagb-is-root-container\"><div class=\"uagb-container-inner-blocks-wrap\">\n<div class=\"wp-block-uagb-container uagb-block-c0c038d6\">\n<\/div>\n\n\n\n<div class=\"wp-block-uagb-container uagb-block-a2557007\">\n<div class=\"wp-block-uagb-container uagb-block-ec5279d7\">\n<p>Unser Landhaus bietet sich f\u00fcr Feierlichkeiten jeder Art an. Je nach Bestuhlung k\u00f6nnen wir in unserem Saal <strong>80 bis 100 Personen<\/strong> bewirten.<br>Kurze Wege zur Buffetstation machen eine vielseitige Art der Bewirtung m\u00f6glich.<\/p>\n<\/div>\n<\/div>\n<\/div><\/div>\n\n\n\n<div class=\"wp-block-uagb-separator uagb-block-36543b9e\"><div class=\"wp-block-uagb-separator__inner\" style=\"--my-background-image:url(&quot;data:image\/svg+xml,%3Csvg width='16' height='16' viewBox='0 0 16 16' fill='none' xmlns='http:\/\/www.w3.org\/2000\/svg'%3E%3Cg clip-path='url(%23clip0_2356_5631)'%3E%3Cpath d='M15 1C10.5 1 9 2.5 9 7C13.5 7 15 5.5 15 1Z' stroke='black'\/%3E%3Cpath d='M1 1C5.5 1 7 2.5 7 7C2.5 7 1 5.5 1 1Z' stroke='black'\/%3E%3Cpath d='M15 15C10.5 15 9 13.5 9 9C13.5 9 15 10.5 15 15Z' stroke='black'\/%3E%3Cpath d='M1 15C5.5 15 7 13.5 7 9C2.5 9 1 10.5 1 15Z' stroke='black'\/%3E%3C\/g%3E%3Cdefs%3E%3CclipPath id='clip0_2356_5631'%3E%3Crect width='16' height='16' fill='white'\/%3E%3C\/clipPath%3E%3C\/defs%3E%3C\/svg%3E&quot;)\"><\/div><\/div>\n\n\n\n<div class=\"wp-block-uagb-info-box uagb-block-36ae1bb4 uagb-infobox__content-wrap  uagb-infobox-icon-above-title uagb-infobox-image-valign-top\"><div class=\"uagb-ifb-content\"><div class=\"uagb-ifb-title-wrap\"><span class=\"uagb-ifb-title-prefix\">Urig sch\u00f6n unsere neu ere\u00f6ffnete<\/span><h3 class=\"uagb-ifb-title\">EVENT-SCHEUNE<\/h3><\/div><\/div><\/div>\n\n\n\n<figure class=\"wp-block-image aligncenter size-large\"><img loading=\"lazy\" decoding=\"async\" width=\"1024\" height=\"683\" src=\"https:\/\/update.uhrwerk-gutach.de\/webers-esszeit\/wp-content\/uploads\/sites\/8\/2023\/08\/Hochzeitssaal-02-1024x683.jpg\" alt=\"\" class=\"wp-image-6142\" srcset=\"https:\/\/update.uhrwerk-gutach.de\/webers-esszeit\/wp-content\/uploads\/sites\/8\/2023\/08\/Hochzeitssaal-02-1024x683.jpg 1024w, https:\/\/update.uhrwerk-gutach.de\/webers-esszeit\/wp-content\/uploads\/sites\/8\/2023\/08\/Hochzeitssaal-02-300x200.jpg 300w, https:\/\/update.uhrwerk-gutach.de\/webers-esszeit\/wp-content\/uploads\/sites\/8\/2023\/08\/Hochzeitssaal-02-768x512.jpg 768w, https:\/\/update.uhrwerk-gutach.de\/webers-esszeit\/wp-content\/uploads\/sites\/8\/2023\/08\/Hochzeitssaal-02-1536x1024.jpg 1536w, https:\/\/update.uhrwerk-gutach.de\/webers-esszeit\/wp-content\/uploads\/sites\/8\/2023\/08\/Hochzeitssaal-02-2048x1365.jpg 2048w\" sizes=\"auto, (max-width: 1024px) 100vw, 1024px\" \/><\/figure>\n\n\n\n<p><\/p>\n\n\n\n<p>Unsere im April &#8217;23 neu er\u00f6ffnete Event-Scheune im Obergeschoss bietet Platz f\u00fcr bis zu 180 Personen zum Feiern und Tagen.<br>Mit einer direkt angrenzenden und seperaten K\u00fcche sp\u00fcren Sie nichts vom Trubel im Untergeschoss. <\/p>\n\n\n\n<div class=\"wp-block-uagb-separator uagb-block-b7e90f9a\"><div class=\"wp-block-uagb-separator__inner\" style=\"--my-background-image:url(&quot;data:image\/svg+xml,%3Csvg width='16' height='16' viewBox='0 0 16 16' fill='none' xmlns='http:\/\/www.w3.org\/2000\/svg'%3E%3Cg clip-path='url(%23clip0_2356_5631)'%3E%3Cpath d='M15 1C10.5 1 9 2.5 9 7C13.5 7 15 5.5 15 1Z' stroke='black'\/%3E%3Cpath d='M1 1C5.5 1 7 2.5 7 7C2.5 7 1 5.5 1 1Z' stroke='black'\/%3E%3Cpath d='M15 15C10.5 15 9 13.5 9 9C13.5 9 15 10.5 15 15Z' stroke='black'\/%3E%3Cpath d='M1 15C5.5 15 7 13.5 7 9C2.5 9 1 10.5 1 15Z' stroke='black'\/%3E%3C\/g%3E%3Cdefs%3E%3CclipPath id='clip0_2356_5631'%3E%3Crect width='16' height='16' fill='white'\/%3E%3C\/clipPath%3E%3C\/defs%3E%3C\/svg%3E&quot;)\"><\/div><\/div>\n\n\n\n<div class=\"wp-block-uagb-container uagb-block-ba9c1767 alignfull uagb-is-root-container\"><div class=\"uagb-container-inner-blocks-wrap\">\n<p>DIE SONNE GENIESSEN<\/p>\n\n\n\n<div class=\"wp-block-uagb-advanced-heading uagb-block-6053a461\"><h2 class=\"uagb-heading-text\">TERRASSE<\/h2><\/div>\n\n\n\n<div class=\"wp-block-uagb-separator uagb-block-1e628153 uag-hide-tab uag-hide-mob\"><div class=\"wp-block-uagb-separator__inner\" style=\"--my-background-image:\"><\/div><\/div>\n<\/div><\/div>\n\n\n\n<div class=\"wp-block-uagb-container uagb-block-7076d0da alignfull uagb-is-root-container\"><div class=\"uagb-container-inner-blocks-wrap\">\n<div class=\"wp-block-uagb-container uagb-block-03e6fd77\">\n<\/div>\n\n\n\n<div class=\"wp-block-uagb-container uagb-block-bf8f9acb\">\n<div class=\"wp-block-uagb-container uagb-block-dfc65cd0\">\n<p>Die Sonne scheint? Genie\u00dfen Sie unsere K\u00f6stlichkeiten drau\u00dfen auf unserer gro\u00dfen Terrasse.<\/p>\n<\/div>\n<\/div>\n<\/div><\/div>\n\n\n\n<div class=\"wp-block-uagb-separator uagb-block-1334fa7f\"><div class=\"wp-block-uagb-separator__inner\" style=\"--my-background-image:url(&quot;data:image\/svg+xml,%3Csvg width='16' height='16' viewBox='0 0 16 16' fill='none' xmlns='http:\/\/www.w3.org\/2000\/svg'%3E%3Cg clip-path='url(%23clip0_2356_5631)'%3E%3Cpath d='M15 1C10.5 1 9 2.5 9 7C13.5 7 15 5.5 15 1Z' stroke='black'\/%3E%3Cpath d='M1 1C5.5 1 7 2.5 7 7C2.5 7 1 5.5 1 1Z' stroke='black'\/%3E%3Cpath d='M15 15C10.5 15 9 13.5 9 9C13.5 9 15 10.5 15 15Z' stroke='black'\/%3E%3Cpath d='M1 15C5.5 15 7 13.5 7 9C2.5 9 1 10.5 1 15Z' stroke='black'\/%3E%3C\/g%3E%3Cdefs%3E%3CclipPath id='clip0_2356_5631'%3E%3Crect width='16' height='16' fill='white'\/%3E%3C\/clipPath%3E%3C\/defs%3E%3C\/svg%3E&quot;)\"><\/div><\/div>\n\n\n\n<div class=\"wp-block-uagb-container uagb-block-52ef1104 alignfull uagb-is-root-container\"><div class=\"uagb-container-inner-blocks-wrap\">\n<div class=\"wp-block-uagb-container uagb-block-8e1fd5dd\">\n<div class=\"wp-block-uagb-info-box uagb-block-864d1dbb uagb-infobox__content-wrap  uagb-infobox-icon-above-title uagb-infobox-image-valign-top\"><div class=\"uagb-ifb-content\"><div class=\"uagb-ifb-title-wrap\"><span class=\"uagb-ifb-title-prefix\">FESTE FEIERN IN EINER AUSSERGEW\u00d6HNLICHEN<\/span><h3 class=\"uagb-ifb-title\">EVENTLOCATION<\/h3><\/div><p class=\"uagb-ifb-desc\">Sie planen ein Event und m\u00f6chten unsere R\u00e4umlichkeiten mieten? Gerne! Mit dem Erlebnisdorf \u201eUhrwerk\u201c machen Sie Ihre Veranstaltung unvergesslich! Denn an unsere stilvolle Eventlocation im Schwarzwald werden sich Ihre G\u00e4ste noch lange gerne erinnern. Begeistern Sie bis zu 180 G\u00e4ste mit einem au\u00dfergew\u00f6hnlichen Ambiente!<br><br>Ob Familienfeiern, Firmenevents oder Seminare \u2013 unsere Location bietet den passenden Rahmen f\u00fcr Ihre Veranstaltungsw\u00fcnsche. Neben den R\u00e4umlichkeiten k\u00fcmmern wir uns um die kulinarische Versorgung Ihrer G\u00e4ste mit unserer K\u00fcche, unserer Konditorei und unseren hausgemachten Eisspezialit\u00e4ten. Gerne stimmen wir Speisen und Getr\u00e4nke mit Ihnen ab und stellen individuelle Men\u00fcs zusammen.<br><br>Die Eventlocation im Erlebnisdorf \u201eUhrwerk\u201c verf\u00fcgt \u00fcber eine gro\u00dfz\u00fcgige Sonnenterrasse und einen attraktiven Au\u00dfenbereich, der sich in die malerische Natur eingliedert. Zudem kommt Ihnen die langj\u00e4hrige Erfahrung unseres Teams zugute. Wir freuen uns darauf, mehr \u00fcber Ihre Veranstaltungsw\u00fcnsche zu erfahren. Zaubern Sie unvergessliche Momente \u2013 wir unterst\u00fctzen Sie dabei!<\/p><\/div><\/div>\n\n\n\n<div class=\"wp-block-uagb-container uagb-block-4092bf59\">\n<figure class=\"wp-block-image size-full\"><img loading=\"lazy\" decoding=\"async\" width=\"633\" height=\"728\" src=\"https:\/\/update.uhrwerk-gutach.de\/webers-esszeit\/wp-content\/uploads\/sites\/8\/2022\/02Architektur-Uhrwerk-47-Wiederhergestellt-633x728.jpg\" alt=\"\" class=\"wp-image-5353\" srcset=\"https:\/\/update.uhrwerk-gutach.de\/webers-esszeit\/wp-content\/uploads\/sites\/8\/2022\/02Architektur-Uhrwerk-47-Wiederhergestellt-633x728.jpg 633w, https:\/\/update.uhrwerk-gutach.de\/webers-esszeit\/wp-content\/uploads\/sites\/8\/2022\/02Architektur-Uhrwerk-47-Wiederhergestellt-633x728-261x300.jpg 261w\" sizes=\"auto, (max-width: 633px) 100vw, 633px\" \/><\/figure>\n<\/div>\n<\/div>\n<\/div><\/div>\n\n\n\n<div style=\"height:100px\" aria-hidden=\"true\" class=\"wp-block-spacer\"><\/div>\n\n\n\n<div id=\"reservieren\" class=\"wp-block-uagb-container uagb-block-015a1458 alignfull uagb-is-root-container\"><div class=\"uagb-container-inner-blocks-wrap\">\n<div class=\"wp-block-uagb-container uagb-block-f90a1300\">\n<h2 class=\"wp-block-heading has-ast-global-color-5-color has-text-color\" style=\"margin-top:0;margin-right:0;margin-bottom:0;margin-left:0\">RESERVIEREN SIE JETZT GANZ EINFACH ONLINE<\/h2>\n\n\n\n<p class=\"has-ast-global-color-4-color has-text-color\">WIR FREUEN UNS AUF IHREN BESUCH!<\/p>\n<\/div>\n\n\n\n<div class=\"wp-block-uagb-container uagb-block-0d1f7168\">\n<div style=\"height:2vh\" aria-hidden=\"true\" class=\"wp-block-spacer\"><\/div>\n\n\n\n<script type=\"text\/javascript\" src=\"https:\/\/services.gastronovi.com\/restaurants\/98435\/scripts\/reservation\/entry\/reservation\" async><\/script>\n<\/div>\n<\/div><\/div>\n","protected":false},"excerpt":{"rendered":"<p>R\u00c4UMLICHKEITEN SCHWARZWALD WOHIN MAN BLICKT KETTERER SIND NETTERER BRAUSTUBE Bei einem Besuch des Erlebnisdorfs \u201eUhrwerk\u201c darf ein Abstecher in unsere urige Braustube keinesfalls fehlen. Rustikal und gem\u00fctlich, so beschreibt man unsere Braustube mit nur zwei Worten. Ein liebevoll restaurierter Braukessel, sowie die alten Holzf\u00e4sser aus fr\u00fcheren Zeiten, machen diesen Raum zu etwas ganz Besonderem. Die [&hellip;]<\/p>\n","protected":false},"author":1,"featured_media":0,"parent":0,"menu_order":0,"comment_status":"closed","ping_status":"closed","template":"","meta":{"_uag_custom_page_level_css":"","site-sidebar-layout":"default","site-content-layout":"","ast-site-content-layout":"default","site-content-style":"default","site-sidebar-style":"default","ast-global-header-display":"","ast-banner-title-visibility":"","ast-main-header-display":"","ast-hfb-above-header-display":"","ast-hfb-below-header-display":"","ast-hfb-mobile-header-display":"","site-post-title":"disabled","ast-breadcrumbs-content":"","ast-featured-img":"","footer-sml-layout":"","ast-disable-related-posts":"","theme-transparent-header-meta":"","adv-header-id-meta":"","stick-header-meta":"","header-above-stick-meta":"","header-main-stick-meta":"","header-below-stick-meta":"","astra-migrate-meta-layouts":"set","ast-page-background-enabled":"default","ast-page-background-meta":{"desktop":{"background-color":"var(--ast-global-color-4)","background-image":"","background-repeat":"repeat","background-position":"center center","background-size":"auto","background-attachment":"scroll","background-type":"","background-media":"","overlay-type":"","overlay-color":"","overlay-opacity":"","overlay-gradient":""},"tablet":{"background-color":"","background-image":"","background-repeat":"repeat","background-position":"center center","background-size":"auto","background-attachment":"scroll","background-type":"","background-media":"","overlay-type":"","overlay-color":"","overlay-opacity":"","overlay-gradient":""},"mobile":{"background-color":"","background-image":"","background-repeat":"repeat","background-position":"center center","background-size":"auto","background-attachment":"scroll","background-type":"","background-media":"","overlay-type":"","overlay-color":"","overlay-opacity":"","overlay-gradient":""}},"ast-content-background-meta":{"desktop":{"background-color":"var(--ast-global-color-5)","background-image":"","background-repeat":"repeat","background-position":"center center","background-size":"auto","background-attachment":"scroll","background-type":"","background-media":"","overlay-type":"","overlay-color":"","overlay-opacity":"","overlay-gradient":""},"tablet":{"background-color":"var(--ast-global-color-5)","background-image":"","background-repeat":"repeat","background-position":"center center","background-size":"auto","background-attachment":"scroll","background-type":"","background-media":"","overlay-type":"","overlay-color":"","overlay-opacity":"","overlay-gradient":""},"mobile":{"background-color":"var(--ast-global-color-5)","background-image":"","background-repeat":"repeat","background-position":"center center","background-size":"auto","background-attachment":"scroll","background-type":"","background-media":"","overlay-type":"","overlay-color":"","overlay-opacity":"","overlay-gradient":""}},"footnotes":""},"class_list":["post-1552","page","type-page","status-publish","hentry"],"uagb_featured_image_src":{"full":false,"thumbnail":false,"medium":false,"medium_large":false,"large":false,"1536x1536":false,"2048x2048":false},"uagb_author_info":{"display_name":"admin","author_link":"https:\/\/update.uhrwerk-gutach.de\/webers-esszeit\/author\/cweber\/"},"uagb_comment_info":0,"uagb_excerpt":"R\u00c4UMLICHKEITEN SCHWARZWALD WOHIN MAN BLICKT KETTERER SIND NETTERER BRAUSTUBE Bei einem Besuch des Erlebnisdorfs \u201eUhrwerk\u201c darf ein Abstecher in unsere urige Braustube keinesfalls fehlen. Rustikal und gem\u00fctlich, so beschreibt man unsere Braustube mit nur zwei Worten. Ein liebevoll restaurierter Braukessel, sowie die alten Holzf\u00e4sser aus fr\u00fcheren Zeiten, machen diesen Raum zu etwas ganz Besonderem. Die&hellip;","_links":{"self":[{"href":"https:\/\/update.uhrwerk-gutach.de\/webers-esszeit\/wp-json\/wp\/v2\/pages\/1552","targetHints":{"allow":["GET"]}}],"collection":[{"href":"https:\/\/update.uhrwerk-gutach.de\/webers-esszeit\/wp-json\/wp\/v2\/pages"}],"about":[{"href":"https:\/\/update.uhrwerk-gutach.de\/webers-esszeit\/wp-json\/wp\/v2\/types\/page"}],"author":[{"embeddable":true,"href":"https:\/\/update.uhrwerk-gutach.de\/webers-esszeit\/wp-json\/wp\/v2\/users\/1"}],"replies":[{"embeddable":true,"href":"https:\/\/update.uhrwerk-gutach.de\/webers-esszeit\/wp-json\/wp\/v2\/comments?post=1552"}],"version-history":[{"count":277,"href":"https:\/\/update.uhrwerk-gutach.de\/webers-esszeit\/wp-json\/wp\/v2\/pages\/1552\/revisions"}],"predecessor-version":[{"id":6852,"href":"https:\/\/update.uhrwerk-gutach.de\/webers-esszeit\/wp-json\/wp\/v2\/pages\/1552\/revisions\/6852"}],"wp:attachment":[{"href":"https:\/\/update.uhrwerk-gutach.de\/webers-esszeit\/wp-json\/wp\/v2\/media?parent=1552"}],"curies":[{"name":"wp","href":"https:\/\/api.w.org\/{rel}","templated":true}]}}