{"id":1570,"date":"2019-04-28T19:32:41","date_gmt":"2019-04-28T19:32:41","guid":{"rendered":"https:\/\/dev.uhrwerk-gutach.de\/?page_id=1570"},"modified":"2025-01-23T10:20:10","modified_gmt":"2025-01-23T10:20:10","slug":"konditorei","status":"publish","type":"page","link":"https:\/\/update.uhrwerk-gutach.de\/webers-esszeit\/konditorei\/","title":{"rendered":"Konditorei"},"content":{"rendered":"\n<div class=\"wp-block-uagb-container uagb-block-7719958f alignfull uagb-is-root-container\"><div class=\"uagb-container-inner-blocks-wrap\">\n<div class=\"wp-block-uagb-advanced-heading uagb-block-a4d36050\"><h1 class=\"uagb-heading-text\">KONDITOREI<\/h1><\/div>\n\n\n\n<p class=\"has-text-align-center has-ast-global-color-5-color has-text-color has-medium-font-size\">MIT HANDWERKLICHER TRADITION UND VIEL LIEBE ZUM DETAIL<\/p>\n<\/div><\/div>\n\n\n\n<div class=\"wp-block-uagb-container uagb-block-cfb1f826 alignfull uagb-is-root-container\"><div class=\"uagb-container-inner-blocks-wrap\">\n<div class=\"wp-block-uagb-container uagb-block-23dabc65\">\n<div class=\"wp-block-uagb-container uagb-block-b4cfa941\">\n<div class=\"wp-block-uagb-info-box uagb-block-84b695d8 uagb-infobox__content-wrap  uagb-infobox-icon-above-title uagb-infobox-image-valign-top\"><div class=\"uagb-ifb-content\"><div class=\"uagb-ifb-title-wrap\"><span class=\"uagb-ifb-title-prefix\">LEIDENSCHAFT SCHAFFT QUALIT\u00c4T<\/span><h3 class=\"uagb-ifb-title\">KUCHEN UND TORTEN<\/h3><\/div><p class=\"uagb-ifb-desc\">Wenn der Weg das Ziel ist, dann sollte Ihr Weg auf jeden Fall in unserer Konditorei vorbeif\u00fchren! Denn hier entstehen vor Ihren Augen, K\u00f6stlichkeiten der besonderen Art. Unsere Torten, Kuchen und Geb\u00e4cke werden in liebevoller Handarbeit gefertigt und vers\u00fc\u00dfen Ihren Tag.<br><br>Ob Schwarzw\u00e4lder Kirschtorte, Buttercremespezialit\u00e4ten oder fruchtige Kreationen: Wir verwenden nur sorgf\u00e4ltig ausgew\u00e4hlte und nach M\u00f6glichkeit regionale Zutaten. Zudem verzichten wir auf k\u00fcnstliche Zus\u00e4tze \u2013 f\u00fcr einen nat\u00fcrlich guten Geschmack.<br><br>Genie\u00dfen Sie unsere Torten- und Kuchenvielfalt in unserem Caf\u00e9 oder nehmen Sie sich eine leckere Auswahl mit nach Hause. Wir freuen uns auf Ihren Besuch!<\/p><\/div><\/div>\n\n\n\n<div class=\"wp-block-uagb-container uagb-block-6fc66a00\">\n<figure class=\"wp-block-image size-full\"><img loading=\"lazy\" decoding=\"async\" width=\"698\" height=\"960\" src=\"https:\/\/update.uhrwerk-gutach.de\/webers-esszeit\/wp-content\/uploads\/sites\/8\/2020\/06\/Konditorei_12.jpg\" alt=\"Schwarzw\u00e4lder Kirschtorte\" class=\"wp-image-3840\" srcset=\"https:\/\/update.uhrwerk-gutach.de\/webers-esszeit\/wp-content\/uploads\/sites\/8\/2020\/06\/Konditorei_12.jpg 698w, https:\/\/update.uhrwerk-gutach.de\/webers-esszeit\/wp-content\/uploads\/sites\/8\/2020\/06\/Konditorei_12-218x300.jpg 218w, https:\/\/update.uhrwerk-gutach.de\/webers-esszeit\/wp-content\/uploads\/sites\/8\/2020\/06\/Konditorei_12-145x200.jpg 145w\" sizes=\"auto, (max-width: 698px) 100vw, 698px\" \/><\/figure>\n<\/div>\n<\/div>\n\n\n\n<div class=\"wp-block-uagb-separator uagb-block-9c141492\"><div class=\"wp-block-uagb-separator__inner\" style=\"--my-background-image:\"><\/div><\/div>\n<\/div>\n<\/div><\/div>\n\n\n\n<div style=\"height:40px\" aria-hidden=\"true\" class=\"wp-block-spacer\"><\/div>\n\n\n\n<div class=\"wp-block-uagb-container uagb-block-c60e8349 alignfull uagb-is-root-container\"><div class=\"uagb-container-inner-blocks-wrap\">\n<\/div><\/div>\n\n\n\n<div style=\"height:149px\" aria-hidden=\"true\" class=\"wp-block-spacer\"><\/div>\n\n\n\n<div id=\"reservieren\" class=\"wp-block-uagb-container uagb-block-faf1d7d3 alignfull uagb-is-root-container\"><div class=\"uagb-container-inner-blocks-wrap\">\n<div class=\"wp-block-uagb-container uagb-block-f4bcdf91\">\n<h2 class=\"wp-block-heading has-ast-global-color-5-color has-text-color\" style=\"margin-top:0;margin-right:0;margin-bottom:0;margin-left:0\">RESERVIEREN SIE JETZT GANZ EINFACH ONLINE<\/h2>\n\n\n\n<p class=\"has-ast-global-color-4-color has-text-color\">WIR FREUEN UNS AUF IHREN BESUCH!<\/p>\n<\/div>\n\n\n\n<div class=\"wp-block-uagb-container uagb-block-f035b5fc\">\n<div style=\"height:2vh\" aria-hidden=\"true\" class=\"wp-block-spacer\"><\/div>\n\n\n\n<script type=\"text\/javascript\" src=\"https:\/\/services.gastronovi.com\/restaurants\/98435\/scripts\/reservation\/entry\/reservation\" async><\/script>\n<\/div>\n<\/div><\/div>\n","protected":false},"excerpt":{"rendered":"<p>KONDITOREI MIT HANDWERKLICHER TRADITION UND VIEL LIEBE ZUM DETAIL RESERVIEREN SIE JETZT GANZ EINFACH ONLINE WIR FREUEN UNS AUF IHREN BESUCH!<\/p>\n","protected":false},"author":1,"featured_media":0,"parent":0,"menu_order":0,"comment_status":"closed","ping_status":"closed","template":"","meta":{"_uag_custom_page_level_css":"","site-sidebar-layout":"default","site-content-layout":"","ast-site-content-layout":"default","site-content-style":"default","site-sidebar-style":"default","ast-global-header-display":"","ast-banner-title-visibility":"","ast-main-header-display":"","ast-hfb-above-header-display":"","ast-hfb-below-header-display":"","ast-hfb-mobile-header-display":"","site-post-title":"disabled","ast-breadcrumbs-content":"","ast-featured-img":"","footer-sml-layout":"","ast-disable-related-posts":"","theme-transparent-header-meta":"","adv-header-id-meta":"","stick-header-meta":"","header-above-stick-meta":"","header-main-stick-meta":"","header-below-stick-meta":"","astra-migrate-meta-layouts":"set","ast-page-background-enabled":"default","ast-page-background-meta":{"desktop":{"background-color":"var(--ast-global-color-4)","background-image":"","background-repeat":"repeat","background-position":"center center","background-size":"auto","background-attachment":"scroll","background-type":"","background-media":"","overlay-type":"","overlay-color":"","overlay-opacity":"","overlay-gradient":""},"tablet":{"background-color":"","background-image":"","background-repeat":"repeat","background-position":"center center","background-size":"auto","background-attachment":"scroll","background-type":"","background-media":"","overlay-type":"","overlay-color":"","overlay-opacity":"","overlay-gradient":""},"mobile":{"background-color":"","background-image":"","background-repeat":"repeat","background-position":"center center","background-size":"auto","background-attachment":"scroll","background-type":"","background-media":"","overlay-type":"","overlay-color":"","overlay-opacity":"","overlay-gradient":""}},"ast-content-background-meta":{"desktop":{"background-color":"var(--ast-global-color-5)","background-image":"","background-repeat":"repeat","background-position":"center center","background-size":"auto","background-attachment":"scroll","background-type":"","background-media":"","overlay-type":"","overlay-color":"","overlay-opacity":"","overlay-gradient":""},"tablet":{"background-color":"var(--ast-global-color-5)","background-image":"","background-repeat":"repeat","background-position":"center center","background-size":"auto","background-attachment":"scroll","background-type":"","background-media":"","overlay-type":"","overlay-color":"","overlay-opacity":"","overlay-gradient":""},"mobile":{"background-color":"var(--ast-global-color-5)","background-image":"","background-repeat":"repeat","background-position":"center center","background-size":"auto","background-attachment":"scroll","background-type":"","background-media":"","overlay-type":"","overlay-color":"","overlay-opacity":"","overlay-gradient":""}},"footnotes":""},"class_list":["post-1570","page","type-page","status-publish","hentry"],"uagb_featured_image_src":{"full":false,"thumbnail":false,"medium":false,"medium_large":false,"large":false,"1536x1536":false,"2048x2048":false},"uagb_author_info":{"display_name":"admin","author_link":"https:\/\/update.uhrwerk-gutach.de\/webers-esszeit\/author\/cweber\/"},"uagb_comment_info":0,"uagb_excerpt":"KONDITOREI MIT HANDWERKLICHER TRADITION UND VIEL LIEBE ZUM DETAIL RESERVIEREN SIE JETZT GANZ EINFACH ONLINE WIR FREUEN UNS AUF IHREN BESUCH!","_links":{"self":[{"href":"https:\/\/update.uhrwerk-gutach.de\/webers-esszeit\/wp-json\/wp\/v2\/pages\/1570","targetHints":{"allow":["GET"]}}],"collection":[{"href":"https:\/\/update.uhrwerk-gutach.de\/webers-esszeit\/wp-json\/wp\/v2\/pages"}],"about":[{"href":"https:\/\/update.uhrwerk-gutach.de\/webers-esszeit\/wp-json\/wp\/v2\/types\/page"}],"author":[{"embeddable":true,"href":"https:\/\/update.uhrwerk-gutach.de\/webers-esszeit\/wp-json\/wp\/v2\/users\/1"}],"replies":[{"embeddable":true,"href":"https:\/\/update.uhrwerk-gutach.de\/webers-esszeit\/wp-json\/wp\/v2\/comments?post=1570"}],"version-history":[{"count":160,"href":"https:\/\/update.uhrwerk-gutach.de\/webers-esszeit\/wp-json\/wp\/v2\/pages\/1570\/revisions"}],"predecessor-version":[{"id":6851,"href":"https:\/\/update.uhrwerk-gutach.de\/webers-esszeit\/wp-json\/wp\/v2\/pages\/1570\/revisions\/6851"}],"wp:attachment":[{"href":"https:\/\/update.uhrwerk-gutach.de\/webers-esszeit\/wp-json\/wp\/v2\/media?parent=1570"}],"curies":[{"name":"wp","href":"https:\/\/api.w.org\/{rel}","templated":true}]}}