{"id":1707,"date":"2019-09-23T17:41:18","date_gmt":"2019-09-23T17:41:18","guid":{"rendered":"https:\/\/dev.uhrwerk-gutach.de\/?page_id=1707"},"modified":"2024-08-21T05:58:04","modified_gmt":"2024-08-21T05:58:04","slug":"reisegruppen","status":"publish","type":"page","link":"https:\/\/update.uhrwerk-gutach.de\/webers-esszeit\/reisegruppen\/","title":{"rendered":"Hochzeiten"},"content":{"rendered":"\n<div class=\"wp-block-uagb-container uagb-block-d4eeff5e alignfull uagb-is-root-container\"><div class=\"uagb-container-inner-blocks-wrap\">\n<div class=\"wp-block-uagb-advanced-heading uagb-block-b833d32d\"><h1 class=\"uagb-heading-text\">Hochzeiten<\/h1><\/div>\n<\/div><\/div>\n\n\n\n<div class=\"wp-block-uagb-container uagb-block-c6a8a627 alignfull uagb-is-root-container\"><div class=\"uagb-container-inner-blocks-wrap\">\n<div class=\"wp-block-uagb-info-box uagb-block-b5b3431e uagb-infobox__content-wrap  uagb-infobox-icon-above-title uagb-infobox-image-valign-top\"><div class=\"uagb-ifb-content\"><div class=\"uagb-ifb-title-wrap\"><span class=\"uagb-ifb-title-prefix\">Den sch\u00f6nsten Tag im Leben feiern&#8230;<\/span><h3 class=\"uagb-ifb-title\">Ihre Hochzeitsfeier bei Weber&#8217;s Esszeit<\/h3><\/div><p class=\"uagb-ifb-desc\"><br><\/p><\/div><\/div>\n\n\n\n<div class=\"wp-block-esab-accordion accordion-80ad2bcc\" data-mode=\"global\"><div class=\"esab__container\" style=\"row-gap:10px;margin:0px 0px 0px 0px\">\n<div class=\"wp-block-esab-accordion-child\" style=\"border:1px solid #E0E0E0\"><div class=\"esab__head\" style=\"padding:10px 10px 10px 10px;background-color:transparent\" role=\"button\" aria-expanded=\"false\"><div class=\"esab__heading_txt\"><p class=\"esab__heading_tag\">Ihr plant eure Hochzeit und seid dabei auf der Suche nach der richtigen Location? Dann habt ihr mit unserem Haus defintiv das richtige gefunden.<br><br>Wir begleiten euch von Anfang an und stehen euch von der Planung bis zur Durchf\u00fchrung immer an der Seite.<br>Egal ob kleine Feiern, in einen unseren Stuben oder gro\u00dfe Feiern im Landhaus oder der Event-Scheune, wir geben den passenden Rahmen. <br><br>Doch wie k\u00f6nnte eine Hochzeit bei Weber`s Esszeit aussehen?<br><br>Begr\u00fc\u00dfung mit einem Aperitifempfang im Freien. <br>Leckeres 3-G\u00e4nge Men\u00fc genie\u00dfen wahlweise serviert oder am B\u00fcffet.<br>Einfahren der Hochzeitstorte aus unserer hauseigenen Konditorei mit spekatul\u00e4ren Feuerwerksfont\u00e4nen.<br>Leckerer Mitternachtsnack f\u00fcr die Gel\u00fcste am sp\u00e4ten Abend.<br>Unsere Servicekr\u00e4fte versorgen Sie den ganzen Abend \u00fcber mit leckeren Getr\u00e4nken.<br><br>Sie wollen mehr erfahren? Schicken Sie uns eine unverbindliche Anfrage per Mail, wir senden Ihnen gerne alle n\u00f6tigen Informationen zu.<br>Nat\u00fcrlich d\u00fcrfen Sie unsere R\u00e4umlichkeiten auch besichtigen, bitte vereinbaren Sie hierf\u00fcr vorab einen Termin per Mail. <br><\/p><\/div><div class=\"esab__icon\"><div class=\"esab__collapse\"><svg version=\"1.2\" viewBox=\"0 0 24 24\" width=\"24\" height=\"24\"><path fill-rule=\"evenodd\" d=\"m3.5 20.5c-4.7-4.7-4.7-12.3 0-17 4.7-4.7 12.3-4.7 17 0 4.6 4.7 4.6 12.3 0 17-4.7 4.6-12.3 4.6-17 0zm0.9-0.9c4.2 4.2 11 4.2 15.2 0 4.2-4.2 4.2-11 0-15.2-4.2-4.3-11-4.3-15.2 0-4.3 4.2-4.3 11 0 15.2z\"><\/path><path d=\"m11.4 15.9v-3.3h-3.3c-0.3 0-0.6-0.3-0.6-0.6 0-0.4 0.3-0.6 0.6-0.6h3.3v-3.3c0-0.3 0.3-0.6 0.6-0.6 0.3 0 0.6 0.3 0.6 0.6v3.3h3.3c0.3 0 0.6 0.2 0.6 0.6q0 0.2-0.2 0.4-0.2 0.2-0.4 0.2h-3.3v3.3q0 0.2-0.2 0.4-0.2 0.2-0.4 0.2c-0.4 0-0.6-0.3-0.6-0.6z\"><\/path><\/svg><\/div><div class=\"esab__expand\"><svg version=\"1.2\" viewBox=\"0 0 24 24\" width=\"24\" height=\"24\"><path fill-rule=\"evenodd\" d=\"m12 24c-6.6 0-12-5.4-12-12 0-6.6 5.4-12 12-12 6.6 0 12 5.4 12 12 0 6.6-5.4 12-12 12zm10.6-12c0-5.9-4.7-10.6-10.6-10.6-5.9 0-10.6 4.7-10.6 10.6 0 5.9 4.7 10.6 10.6 10.6 5.9 0 10.6-4.7 10.6-10.6z\"><\/path><path d=\"m5.6 11.3h12.8v1.4h-12.8z\"><\/path><\/svg><\/div><\/div><\/div><div class=\"esab__body\" style=\"border-top:1px solid #E0E0E0;padding:10px 10px 10px 10px;background-color:transparent\">\n<p><em>Bitte beachten Sie das wir grunds\u00e4tzlich bei jeder Feier um 2:30 Uhr die letzte Runde anbieten und um 3 Uhr schlie\u00dfen.<\/em> <\/p>\n<\/div><\/div>\n<\/div><\/div>\n\n\n\n<figure class=\"wp-block-gallery has-nested-images columns-default is-cropped wp-block-gallery-1 is-layout-flex wp-block-gallery-is-layout-flex\">\n<figure class=\"wp-block-image size-large\"><img loading=\"lazy\" decoding=\"async\" width=\"1024\" height=\"681\" data-id=\"6579\" src=\"https:\/\/update.uhrwerk-gutach.de\/webers-esszeit\/wp-content\/uploads\/sites\/8\/2024\/08\/Details-Deko-17-1024x681.jpg\" alt=\"\" class=\"wp-image-6579\" srcset=\"https:\/\/update.uhrwerk-gutach.de\/webers-esszeit\/wp-content\/uploads\/sites\/8\/2024\/08\/Details-Deko-17-1024x681.jpg 1024w, https:\/\/update.uhrwerk-gutach.de\/webers-esszeit\/wp-content\/uploads\/sites\/8\/2024\/08\/Details-Deko-17-300x199.jpg 300w, https:\/\/update.uhrwerk-gutach.de\/webers-esszeit\/wp-content\/uploads\/sites\/8\/2024\/08\/Details-Deko-17-768x511.jpg 768w, https:\/\/update.uhrwerk-gutach.de\/webers-esszeit\/wp-content\/uploads\/sites\/8\/2024\/08\/Details-Deko-17-1536x1021.jpg 1536w, https:\/\/update.uhrwerk-gutach.de\/webers-esszeit\/wp-content\/uploads\/sites\/8\/2024\/08\/Details-Deko-17-2048x1362.jpg 2048w\" sizes=\"auto, (max-width: 1024px) 100vw, 1024px\" \/><\/figure>\n\n\n\n<figure class=\"wp-block-image size-large\"><img loading=\"lazy\" decoding=\"async\" width=\"1024\" height=\"1024\" data-id=\"6580\" src=\"https:\/\/update.uhrwerk-gutach.de\/webers-esszeit\/wp-content\/uploads\/sites\/8\/2024\/08\/Details-Deko-19-1024x1024.jpg\" alt=\"\" class=\"wp-image-6580\" srcset=\"https:\/\/update.uhrwerk-gutach.de\/webers-esszeit\/wp-content\/uploads\/sites\/8\/2024\/08\/Details-Deko-19-1024x1024.jpg 1024w, https:\/\/update.uhrwerk-gutach.de\/webers-esszeit\/wp-content\/uploads\/sites\/8\/2024\/08\/Details-Deko-19-300x300.jpg 300w, https:\/\/update.uhrwerk-gutach.de\/webers-esszeit\/wp-content\/uploads\/sites\/8\/2024\/08\/Details-Deko-19-150x150.jpg 150w, https:\/\/update.uhrwerk-gutach.de\/webers-esszeit\/wp-content\/uploads\/sites\/8\/2024\/08\/Details-Deko-19-768x768.jpg 768w, https:\/\/update.uhrwerk-gutach.de\/webers-esszeit\/wp-content\/uploads\/sites\/8\/2024\/08\/Details-Deko-19-1536x1536.jpg 1536w, https:\/\/update.uhrwerk-gutach.de\/webers-esszeit\/wp-content\/uploads\/sites\/8\/2024\/08\/Details-Deko-19-2048x2048.jpg 2048w\" sizes=\"auto, (max-width: 1024px) 100vw, 1024px\" \/><\/figure>\n\n\n\n<figure class=\"wp-block-image size-large\"><img loading=\"lazy\" decoding=\"async\" width=\"1024\" height=\"683\" data-id=\"6585\" src=\"https:\/\/update.uhrwerk-gutach.de\/webers-esszeit\/wp-content\/uploads\/sites\/8\/2024\/08\/Details-Deko-36-2-1024x683.jpg\" alt=\"\" class=\"wp-image-6585\" srcset=\"https:\/\/update.uhrwerk-gutach.de\/webers-esszeit\/wp-content\/uploads\/sites\/8\/2024\/08\/Details-Deko-36-2-1024x683.jpg 1024w, https:\/\/update.uhrwerk-gutach.de\/webers-esszeit\/wp-content\/uploads\/sites\/8\/2024\/08\/Details-Deko-36-2-300x200.jpg 300w, https:\/\/update.uhrwerk-gutach.de\/webers-esszeit\/wp-content\/uploads\/sites\/8\/2024\/08\/Details-Deko-36-2-768x512.jpg 768w\" sizes=\"auto, (max-width: 1024px) 100vw, 1024px\" \/><\/figure>\n\n\n\n<figure class=\"wp-block-image size-large\"><img loading=\"lazy\" decoding=\"async\" width=\"1024\" height=\"601\" data-id=\"6588\" src=\"https:\/\/update.uhrwerk-gutach.de\/webers-esszeit\/wp-content\/uploads\/sites\/8\/2024\/08\/Hochzeitssaal-04-1024x601.jpg\" alt=\"\" class=\"wp-image-6588\" srcset=\"https:\/\/update.uhrwerk-gutach.de\/webers-esszeit\/wp-content\/uploads\/sites\/8\/2024\/08\/Hochzeitssaal-04-1024x601.jpg 1024w, https:\/\/update.uhrwerk-gutach.de\/webers-esszeit\/wp-content\/uploads\/sites\/8\/2024\/08\/Hochzeitssaal-04-300x176.jpg 300w, https:\/\/update.uhrwerk-gutach.de\/webers-esszeit\/wp-content\/uploads\/sites\/8\/2024\/08\/Hochzeitssaal-04-768x451.jpg 768w, https:\/\/update.uhrwerk-gutach.de\/webers-esszeit\/wp-content\/uploads\/sites\/8\/2024\/08\/Hochzeitssaal-04-1536x902.jpg 1536w, https:\/\/update.uhrwerk-gutach.de\/webers-esszeit\/wp-content\/uploads\/sites\/8\/2024\/08\/Hochzeitssaal-04-2048x1202.jpg 2048w\" sizes=\"auto, (max-width: 1024px) 100vw, 1024px\" \/><\/figure>\n\n\n\n<figure class=\"wp-block-image size-large\"><img loading=\"lazy\" decoding=\"async\" width=\"1024\" height=\"683\" data-id=\"6593\" src=\"https:\/\/update.uhrwerk-gutach.de\/webers-esszeit\/wp-content\/uploads\/sites\/8\/2024\/08\/Hochzeitssaal-Detail-29-1024x683.jpg\" alt=\"\" class=\"wp-image-6593\" srcset=\"https:\/\/update.uhrwerk-gutach.de\/webers-esszeit\/wp-content\/uploads\/sites\/8\/2024\/08\/Hochzeitssaal-Detail-29-1024x683.jpg 1024w, https:\/\/update.uhrwerk-gutach.de\/webers-esszeit\/wp-content\/uploads\/sites\/8\/2024\/08\/Hochzeitssaal-Detail-29-300x200.jpg 300w, https:\/\/update.uhrwerk-gutach.de\/webers-esszeit\/wp-content\/uploads\/sites\/8\/2024\/08\/Hochzeitssaal-Detail-29-768x512.jpg 768w, https:\/\/update.uhrwerk-gutach.de\/webers-esszeit\/wp-content\/uploads\/sites\/8\/2024\/08\/Hochzeitssaal-Detail-29-1536x1024.jpg 1536w, https:\/\/update.uhrwerk-gutach.de\/webers-esszeit\/wp-content\/uploads\/sites\/8\/2024\/08\/Hochzeitssaal-Detail-29-2048x1365.jpg 2048w\" sizes=\"auto, (max-width: 1024px) 100vw, 1024px\" \/><\/figure>\n<\/figure>\n\n\n<div class=\"wpforms-container wpforms-container-full\" id=\"wpforms-1688\"><form id=\"wpforms-form-1688\" class=\"wpforms-validate wpforms-form\" data-formid=\"1688\" method=\"post\" enctype=\"multipart\/form-data\" action=\"\/webers-esszeit\/wp-json\/wp\/v2\/pages\/1707\" data-token=\"1b4d57bc9a082f21cb69d39b0048044f\" data-token-time=\"1776152956\"><noscript class=\"wpforms-error-noscript\">Bitte aktiviere JavaScript in deinem Browser, um dieses Formular fertigzustellen.<\/noscript><div class=\"wpforms-field-container\"><div id=\"wpforms-1688-field_0-container\" class=\"wpforms-field wpforms-field-name\" data-field-id=\"0\"><label class=\"wpforms-field-label\">Name <span class=\"wpforms-required-label\">*<\/span><\/label><div class=\"wpforms-field-row wpforms-field-medium\"><div class=\"wpforms-field-row-block wpforms-first wpforms-one-half\"><input type=\"text\" id=\"wpforms-1688-field_0\" class=\"wpforms-field-name-first wpforms-field-required\" name=\"wpforms[fields][0][first]\" required><label for=\"wpforms-1688-field_0\" class=\"wpforms-field-sublabel after\">Vorname<\/label><\/div><div class=\"wpforms-field-row-block wpforms-one-half\"><input type=\"text\" id=\"wpforms-1688-field_0-last\" class=\"wpforms-field-name-last wpforms-field-required\" name=\"wpforms[fields][0][last]\" required><label for=\"wpforms-1688-field_0-last\" class=\"wpforms-field-sublabel after\">Nachname<\/label><\/div><\/div><\/div><div id=\"wpforms-1688-field_1-container\" class=\"wpforms-field wpforms-field-email\" data-field-id=\"1\"><label class=\"wpforms-field-label\" for=\"wpforms-1688-field_1\">E-Mail <span class=\"wpforms-required-label\">*<\/span><\/label><input type=\"email\" id=\"wpforms-1688-field_1\" class=\"wpforms-field-medium wpforms-field-required\" name=\"wpforms[fields][1]\" spellcheck=\"false\" required><\/div><div id=\"wpforms-1688-field_2-container\" class=\"wpforms-field wpforms-field-textarea\" data-field-id=\"2\"><label class=\"wpforms-field-label\" for=\"wpforms-1688-field_2\">Nachricht <span class=\"wpforms-required-label\">*<\/span><\/label><textarea id=\"wpforms-1688-field_2\" class=\"wpforms-field-medium wpforms-field-required\" name=\"wpforms[fields][2]\" required><\/textarea><\/div><div id=\"wpforms-1688-field_3-container\" class=\"wpforms-field wpforms-field-checkbox\" data-field-id=\"3\"><label class=\"wpforms-field-label\">Datenschutz <span class=\"wpforms-required-label\">*<\/span><\/label><ul id=\"wpforms-1688-field_3\" class=\"wpforms-field-required\"><li class=\"choice-1 depth-1\"><input type=\"checkbox\" id=\"wpforms-1688-field_3_1\" name=\"wpforms[fields][3][]\" value=\"Hiermit erkl\u00e4re ich mich einverstanden, dass Uhrwerk Gutach \/ Webers Esszeit meine angegebenen Daten speichert. Die Daten werden vertraulich behandelt und nicht an Dritte weitergegeben. Sie k\u00f6nnen Ihre Datenspeicherung jederzeit widerrufen. N\u00e4here Informationen finden Sie in unseren Datenschutzbestimmungen.\" required ><label class=\"wpforms-field-label-inline\" for=\"wpforms-1688-field_3_1\">Hiermit erkl\u00e4re ich mich einverstanden, dass Uhrwerk Gutach \/ Webers Esszeit meine angegebenen Daten speichert. Die Daten werden vertraulich behandelt und nicht an Dritte weitergegeben. Sie k\u00f6nnen Ihre Datenspeicherung jederzeit widerrufen. N\u00e4here Informationen finden Sie in unseren Datenschutzbestimmungen.<\/label><\/li><\/ul><\/div><\/div><!-- .wpforms-field-container --><div class=\"wpforms-field wpforms-field-hp\"><label for=\"wpforms-1688-field-hp\" class=\"wpforms-field-label\">Email<\/label><input type=\"text\" name=\"wpforms[hp]\" id=\"wpforms-1688-field-hp\" class=\"wpforms-field-medium\"><\/div><div class=\"wpforms-submit-container\" ><input type=\"hidden\" name=\"wpforms[id]\" value=\"1688\"><input type=\"hidden\" name=\"page_title\" value=\"\"><input type=\"hidden\" name=\"page_url\" value=\"https:\/\/update.uhrwerk-gutach.de\/webers-esszeit\/wp-json\/wp\/v2\/pages\/1707\"><input type=\"hidden\" name=\"url_referer\" value=\"\"><button type=\"submit\" name=\"wpforms[submit]\" id=\"wpforms-submit-1688\" class=\"wpforms-submit\" data-alt-text=\"Senden...\" data-submit-text=\"Absenden\" aria-live=\"assertive\" value=\"wpforms-submit\">Absenden<\/button><\/div><\/form><\/div>  <!-- .wpforms-container -->\n<\/div><\/div>\n","protected":false},"excerpt":{"rendered":"<p>Hochzeiten<\/p>\n","protected":false},"author":1,"featured_media":0,"parent":0,"menu_order":0,"comment_status":"closed","ping_status":"closed","template":"","meta":{"_uag_custom_page_level_css":"","site-sidebar-layout":"default","site-content-layout":"","ast-site-content-layout":"default","site-content-style":"default","site-sidebar-style":"default","ast-global-header-display":"","ast-banner-title-visibility":"","ast-main-header-display":"","ast-hfb-above-header-display":"","ast-hfb-below-header-display":"","ast-hfb-mobile-header-display":"","site-post-title":"disabled","ast-breadcrumbs-content":"","ast-featured-img":"","footer-sml-layout":"","ast-disable-related-posts":"","theme-transparent-header-meta":"","adv-header-id-meta":"","stick-header-meta":"","header-above-stick-meta":"","header-main-stick-meta":"","header-below-stick-meta":"","astra-migrate-meta-layouts":"set","ast-page-background-enabled":"default","ast-page-background-meta":{"desktop":{"background-color":"var(--ast-global-color-4)","background-image":"","background-repeat":"repeat","background-position":"center center","background-size":"auto","background-attachment":"scroll","background-type":"","background-media":"","overlay-type":"","overlay-color":"","overlay-opacity":"","overlay-gradient":""},"tablet":{"background-color":"","background-image":"","background-repeat":"repeat","background-position":"center center","background-size":"auto","background-attachment":"scroll","background-type":"","background-media":"","overlay-type":"","overlay-color":"","overlay-opacity":"","overlay-gradient":""},"mobile":{"background-color":"","background-image":"","background-repeat":"repeat","background-position":"center center","background-size":"auto","background-attachment":"scroll","background-type":"","background-media":"","overlay-type":"","overlay-color":"","overlay-opacity":"","overlay-gradient":""}},"ast-content-background-meta":{"desktop":{"background-color":"var(--ast-global-color-5)","background-image":"","background-repeat":"repeat","background-position":"center center","background-size":"auto","background-attachment":"scroll","background-type":"","background-media":"","overlay-type":"","overlay-color":"","overlay-opacity":"","overlay-gradient":""},"tablet":{"background-color":"var(--ast-global-color-5)","background-image":"","background-repeat":"repeat","background-position":"center center","background-size":"auto","background-attachment":"scroll","background-type":"","background-media":"","overlay-type":"","overlay-color":"","overlay-opacity":"","overlay-gradient":""},"mobile":{"background-color":"var(--ast-global-color-5)","background-image":"","background-repeat":"repeat","background-position":"center center","background-size":"auto","background-attachment":"scroll","background-type":"","background-media":"","overlay-type":"","overlay-color":"","overlay-opacity":"","overlay-gradient":""}},"footnotes":""},"class_list":["post-1707","page","type-page","status-publish","hentry"],"uagb_featured_image_src":{"full":false,"thumbnail":false,"medium":false,"medium_large":false,"large":false,"1536x1536":false,"2048x2048":false},"uagb_author_info":{"display_name":"admin","author_link":"https:\/\/update.uhrwerk-gutach.de\/webers-esszeit\/author\/cweber\/"},"uagb_comment_info":0,"uagb_excerpt":"Hochzeiten","_links":{"self":[{"href":"https:\/\/update.uhrwerk-gutach.de\/webers-esszeit\/wp-json\/wp\/v2\/pages\/1707","targetHints":{"allow":["GET"]}}],"collection":[{"href":"https:\/\/update.uhrwerk-gutach.de\/webers-esszeit\/wp-json\/wp\/v2\/pages"}],"about":[{"href":"https:\/\/update.uhrwerk-gutach.de\/webers-esszeit\/wp-json\/wp\/v2\/types\/page"}],"author":[{"embeddable":true,"href":"https:\/\/update.uhrwerk-gutach.de\/webers-esszeit\/wp-json\/wp\/v2\/users\/1"}],"replies":[{"embeddable":true,"href":"https:\/\/update.uhrwerk-gutach.de\/webers-esszeit\/wp-json\/wp\/v2\/comments?post=1707"}],"version-history":[{"count":59,"href":"https:\/\/update.uhrwerk-gutach.de\/webers-esszeit\/wp-json\/wp\/v2\/pages\/1707\/revisions"}],"predecessor-version":[{"id":6640,"href":"https:\/\/update.uhrwerk-gutach.de\/webers-esszeit\/wp-json\/wp\/v2\/pages\/1707\/revisions\/6640"}],"wp:attachment":[{"href":"https:\/\/update.uhrwerk-gutach.de\/webers-esszeit\/wp-json\/wp\/v2\/media?parent=1707"}],"curies":[{"name":"wp","href":"https:\/\/api.w.org\/{rel}","templated":true}]}}