{"id":2091,"date":"2019-09-27T17:27:36","date_gmt":"2019-09-27T17:27:36","guid":{"rendered":"https:\/\/dev.uhrwerk-gutach.de\/?page_id=2091"},"modified":"2025-02-28T15:17:28","modified_gmt":"2025-02-28T15:17:28","slug":"fruehstueck","status":"publish","type":"page","link":"https:\/\/update.uhrwerk-gutach.de\/webers-esszeit\/fruehstueck\/","title":{"rendered":"Fr\u00fchst\u00fcck"},"content":{"rendered":"\n<div class=\"wp-block-uagb-container uagb-block-53072f14 alignfull uagb-is-root-container\"><div class=\"uagb-container-inner-blocks-wrap\">\n<div class=\"wp-block-uagb-advanced-heading uagb-block-bafc2f89\"><h1 class=\"uagb-heading-text\">FR\u00dcHST\u00dcCK<\/h1><\/div>\n<\/div><\/div>\n\n\n\n<div class=\"wp-block-uagb-container uagb-block-1005dbeb alignfull uagb-is-root-container\"><div class=\"uagb-container-inner-blocks-wrap\">\n<div class=\"wp-block-uagb-container uagb-block-a2b9ba98\">\n<div class=\"wp-block-uagb-container uagb-block-30bb0ce5\">\n<div class=\"wp-block-uagb-info-box uagb-block-083bdcee uagb-infobox__content-wrap  uagb-infobox-icon-above-title uagb-infobox-image-valign-top\"><div class=\"uagb-ifb-content\"><div class=\"uagb-ifb-title-wrap\"><span class=\"uagb-ifb-title-prefix\">F\u00dcR GROSSE UND KLEINE GENIESSER<\/span><h3 class=\"uagb-ifb-title\">FR\u00dcHST\u00dcCKSBUFFET<\/h3><\/div><p class=\"uagb-ifb-desc\">Der perfekte Start in den Tag beinhaltet ein leckeres und ausgewogenes Fr\u00fchst\u00fcck. Deshalb laden wir Sie ein, schon morgens ausgiebig nach Herzenslust zu schlemmen. Ob frische Croissants, belegte Br\u00f6tchen oder ein gesundes M\u00fcsli mit Joghurt \u2013 wir bieten Ihnen t\u00e4glich von 8:30 &#8211; 11:00 Uhr eine gro\u00dfe Fr\u00fchst\u00fccksvielfalt in Buffetform.<br>Lassen Sie sich schon morgens verw\u00f6hnen und starten Sie gest\u00e4rkt in den Tag! Oder kommen Sie f\u00fcr ein zweites Fr\u00fchst\u00fcck vorbei. Wir freuen uns auf Sie!<\/p><\/div><\/div>\n\n\n\n<div class=\"wp-block-uagb-container uagb-block-41957adf\">\n<figure class=\"wp-block-image size-full\"><img loading=\"lazy\" decoding=\"async\" width=\"1000\" height=\"750\" src=\"https:\/\/update.uhrwerk-gutach.de\/webers-esszeit\/wp-content\/uploads\/sites\/8\/2023\/07\/Fruehstuecksbuffet-1000px-1.jpg\" alt=\"\" class=\"wp-image-6018\" srcset=\"https:\/\/update.uhrwerk-gutach.de\/webers-esszeit\/wp-content\/uploads\/sites\/8\/2023\/07\/Fruehstuecksbuffet-1000px-1.jpg 1000w, https:\/\/update.uhrwerk-gutach.de\/webers-esszeit\/wp-content\/uploads\/sites\/8\/2023\/07\/Fruehstuecksbuffet-1000px-1-300x225.jpg 300w, https:\/\/update.uhrwerk-gutach.de\/webers-esszeit\/wp-content\/uploads\/sites\/8\/2023\/07\/Fruehstuecksbuffet-1000px-1-768x576.jpg 768w\" sizes=\"auto, (max-width: 1000px) 100vw, 1000px\" \/><\/figure>\n<\/div>\n<\/div>\n\n\n\n<div class=\"wp-block-uagb-separator uagb-block-84850597\"><div class=\"wp-block-uagb-separator__inner\" style=\"--my-background-image:\"><\/div><\/div>\n\n\n\n<div style=\"height:100px\" aria-hidden=\"true\" class=\"wp-block-spacer\"><\/div>\n\n\n\n<p class=\"has-text-align-center\" style=\"font-size:22px\"><strong>Fr\u00fchst\u00fccksb\u00fcffet t\u00e4glich von 8:30 \u2013 11:00 Uhr<\/strong><\/p>\n\n\n\n<p class=\"has-text-align-center\" style=\"margin-top:0;margin-right:0;margin-bottom:0;margin-left:0\">verschiedene Br\u00f6tchen, Laugengeb\u00e4ck und Croissants<br>Wurstaufschnitt, Salami, K\u00e4se, ger\u00e4uchertes Lachsfilet und Forellenfilet<br>saisonales Obst und Obstsalat<br>Pudding, Naturjoghurt und Fruchjoghurt<br>Butter, verschiedene Marmeladen und Honig aus eigener Imkerei<br>vegetarische Aufstriche<br>M\u00fcsli, Cerealien und Milch<br>Mini-N\u00fcrnberger, gekochte Eier, R\u00fchrei und Bacon<br>Fr\u00fchlingsrollen, R\u00f6sti und Waffeln<br>verschiedene S\u00e4fte<br>Wasser mit Zitrone und Minze<br><em><strong>auch gluten- und laktosefrei unter Voranmeldung<\/strong><\/em><\/p>\n\n\n\n<p class=\"has-text-align-center has-medium-font-size\"><strong>Preise pro Person:<\/strong><br>ohne Hei\u00dfgetr\u00e4nke <strong><mark class=\"has-inline-color has-ast-global-color-2-color\">\u20ac 22,50<\/mark><\/strong><br>Kinder bis 3 Jahre frei, Kinder von 4 bis 12 Jahre <strong><mark class=\"has-inline-color has-ast-global-color-2-color\">\u20ac 15,00<\/mark><\/strong><\/p>\n<\/div>\n\n\n\n<figure class=\"wp-block-gallery has-nested-images columns-default is-cropped wp-block-gallery-1 is-layout-flex wp-block-gallery-is-layout-flex\">\n<figure class=\"wp-block-image size-large\"><img loading=\"lazy\" decoding=\"async\" width=\"1024\" height=\"768\" data-id=\"5845\" src=\"https:\/\/update.uhrwerk-gutach.de\/webers-esszeit\/wp-content\/uploads\/sites\/8\/2023\/06\/fruehstuecksbuffet-4.jpg\" alt=\"\" class=\"wp-image-5845\" srcset=\"https:\/\/update.uhrwerk-gutach.de\/webers-esszeit\/wp-content\/uploads\/sites\/8\/2023\/06\/fruehstuecksbuffet-4.jpg 1024w, https:\/\/update.uhrwerk-gutach.de\/webers-esszeit\/wp-content\/uploads\/sites\/8\/2023\/06\/fruehstuecksbuffet-4-300x225.jpg 300w, https:\/\/update.uhrwerk-gutach.de\/webers-esszeit\/wp-content\/uploads\/sites\/8\/2023\/06\/fruehstuecksbuffet-4-768x576.jpg 768w\" sizes=\"auto, (max-width: 1024px) 100vw, 1024px\" \/><figcaption class=\"wp-element-caption\">K\u00e4sevariationen<\/figcaption><\/figure>\n\n\n\n<figure class=\"wp-block-image size-large\"><img loading=\"lazy\" decoding=\"async\" width=\"1024\" height=\"768\" data-id=\"5844\" src=\"https:\/\/update.uhrwerk-gutach.de\/webers-esszeit\/wp-content\/uploads\/sites\/8\/2023\/06\/fruehstuecksbuffet-3.jpg\" alt=\"\" class=\"wp-image-5844\" srcset=\"https:\/\/update.uhrwerk-gutach.de\/webers-esszeit\/wp-content\/uploads\/sites\/8\/2023\/06\/fruehstuecksbuffet-3.jpg 1024w, https:\/\/update.uhrwerk-gutach.de\/webers-esszeit\/wp-content\/uploads\/sites\/8\/2023\/06\/fruehstuecksbuffet-3-300x225.jpg 300w, https:\/\/update.uhrwerk-gutach.de\/webers-esszeit\/wp-content\/uploads\/sites\/8\/2023\/06\/fruehstuecksbuffet-3-768x576.jpg 768w\" sizes=\"auto, (max-width: 1024px) 100vw, 1024px\" \/><figcaption class=\"wp-element-caption\">frisches Obst<\/figcaption><\/figure>\n\n\n\n<figure class=\"wp-block-image size-large\"><img loading=\"lazy\" decoding=\"async\" width=\"1024\" height=\"768\" data-id=\"5843\" src=\"https:\/\/update.uhrwerk-gutach.de\/webers-esszeit\/wp-content\/uploads\/sites\/8\/2023\/06\/fruehstuecksbuffet-2.jpg\" alt=\"\" class=\"wp-image-5843\" srcset=\"https:\/\/update.uhrwerk-gutach.de\/webers-esszeit\/wp-content\/uploads\/sites\/8\/2023\/06\/fruehstuecksbuffet-2.jpg 1024w, https:\/\/update.uhrwerk-gutach.de\/webers-esszeit\/wp-content\/uploads\/sites\/8\/2023\/06\/fruehstuecksbuffet-2-300x225.jpg 300w, https:\/\/update.uhrwerk-gutach.de\/webers-esszeit\/wp-content\/uploads\/sites\/8\/2023\/06\/fruehstuecksbuffet-2-768x576.jpg 768w\" sizes=\"auto, (max-width: 1024px) 100vw, 1024px\" \/><figcaption class=\"wp-element-caption\">kalte Fisch und Wurstplatten<\/figcaption><\/figure>\n<\/figure>\n<\/div><\/div>\n\n\n\n<div style=\"height:100px\" aria-hidden=\"true\" class=\"wp-block-spacer\"><\/div>\n\n\n\n<div id=\"reservieren\" class=\"wp-block-uagb-container uagb-block-07e0a89e alignfull uagb-is-root-container\"><div class=\"uagb-container-inner-blocks-wrap\">\n<div class=\"wp-block-uagb-container uagb-block-6ec3a0ac\">\n<h2 class=\"wp-block-heading has-ast-global-color-5-color has-text-color\" style=\"margin-top:0;margin-right:0;margin-bottom:0;margin-left:0\">RESERVIEREN SIE JETZT GANZ EINFACH ONLINE<\/h2>\n\n\n\n<p class=\"has-ast-global-color-4-color has-text-color\">WIR FREUEN UNS AUF IHREN BESUCH!<\/p>\n<\/div>\n\n\n\n<div class=\"wp-block-uagb-container uagb-block-fdfb674c\">\n<div style=\"height:2vh\" aria-hidden=\"true\" class=\"wp-block-spacer\"><\/div>\n\n\n\n<script type=\"text\/javascript\" src=\"https:\/\/services.gastronovi.com\/restaurants\/98435\/scripts\/reservation\/entry\/reservation\" async><\/script>\n<\/div>\n<\/div><\/div>\n","protected":false},"excerpt":{"rendered":"<p>FR\u00dcHST\u00dcCK Fr\u00fchst\u00fccksb\u00fcffet t\u00e4glich von 8:30 \u2013 11:00 Uhr verschiedene Br\u00f6tchen, Laugengeb\u00e4ck und CroissantsWurstaufschnitt, Salami, K\u00e4se, ger\u00e4uchertes Lachsfilet und Forellenfiletsaisonales Obst und ObstsalatPudding, Naturjoghurt und FruchjoghurtButter, verschiedene Marmeladen und Honig aus eigener Imkereivegetarische AufstricheM\u00fcsli, Cerealien und MilchMini-N\u00fcrnberger, gekochte Eier, R\u00fchrei und BaconFr\u00fchlingsrollen, R\u00f6sti und Waffelnverschiedene S\u00e4fteWasser mit Zitrone und Minzeauch gluten- und laktosefrei unter Voranmeldung Preise [&hellip;]<\/p>\n","protected":false},"author":1,"featured_media":0,"parent":0,"menu_order":0,"comment_status":"closed","ping_status":"closed","template":"","meta":{"_uag_custom_page_level_css":"","site-sidebar-layout":"default","site-content-layout":"","ast-site-content-layout":"default","site-content-style":"default","site-sidebar-style":"default","ast-global-header-display":"","ast-banner-title-visibility":"","ast-main-header-display":"","ast-hfb-above-header-display":"","ast-hfb-below-header-display":"","ast-hfb-mobile-header-display":"","site-post-title":"disabled","ast-breadcrumbs-content":"","ast-featured-img":"","footer-sml-layout":"","ast-disable-related-posts":"","theme-transparent-header-meta":"","adv-header-id-meta":"","stick-header-meta":"","header-above-stick-meta":"","header-main-stick-meta":"","header-below-stick-meta":"","astra-migrate-meta-layouts":"set","ast-page-background-enabled":"default","ast-page-background-meta":{"desktop":{"background-color":"var(--ast-global-color-4)","background-image":"","background-repeat":"repeat","background-position":"center center","background-size":"auto","background-attachment":"scroll","background-type":"","background-media":"","overlay-type":"","overlay-color":"","overlay-opacity":"","overlay-gradient":""},"tablet":{"background-color":"","background-image":"","background-repeat":"repeat","background-position":"center center","background-size":"auto","background-attachment":"scroll","background-type":"","background-media":"","overlay-type":"","overlay-color":"","overlay-opacity":"","overlay-gradient":""},"mobile":{"background-color":"","background-image":"","background-repeat":"repeat","background-position":"center center","background-size":"auto","background-attachment":"scroll","background-type":"","background-media":"","overlay-type":"","overlay-color":"","overlay-opacity":"","overlay-gradient":""}},"ast-content-background-meta":{"desktop":{"background-color":"var(--ast-global-color-5)","background-image":"","background-repeat":"repeat","background-position":"center center","background-size":"auto","background-attachment":"scroll","background-type":"","background-media":"","overlay-type":"","overlay-color":"","overlay-opacity":"","overlay-gradient":""},"tablet":{"background-color":"var(--ast-global-color-5)","background-image":"","background-repeat":"repeat","background-position":"center center","background-size":"auto","background-attachment":"scroll","background-type":"","background-media":"","overlay-type":"","overlay-color":"","overlay-opacity":"","overlay-gradient":""},"mobile":{"background-color":"var(--ast-global-color-5)","background-image":"","background-repeat":"repeat","background-position":"center center","background-size":"auto","background-attachment":"scroll","background-type":"","background-media":"","overlay-type":"","overlay-color":"","overlay-opacity":"","overlay-gradient":""}},"footnotes":""},"class_list":["post-2091","page","type-page","status-publish","hentry"],"uagb_featured_image_src":{"full":false,"thumbnail":false,"medium":false,"medium_large":false,"large":false,"1536x1536":false,"2048x2048":false},"uagb_author_info":{"display_name":"admin","author_link":"https:\/\/update.uhrwerk-gutach.de\/webers-esszeit\/author\/cweber\/"},"uagb_comment_info":0,"uagb_excerpt":"FR\u00dcHST\u00dcCK Fr\u00fchst\u00fccksb\u00fcffet t\u00e4glich von 8:30 \u2013 11:00 Uhr verschiedene Br\u00f6tchen, Laugengeb\u00e4ck und CroissantsWurstaufschnitt, Salami, K\u00e4se, ger\u00e4uchertes Lachsfilet und Forellenfiletsaisonales Obst und ObstsalatPudding, Naturjoghurt und FruchjoghurtButter, verschiedene Marmeladen und Honig aus eigener Imkereivegetarische AufstricheM\u00fcsli, Cerealien und MilchMini-N\u00fcrnberger, gekochte Eier, R\u00fchrei und BaconFr\u00fchlingsrollen, R\u00f6sti und Waffelnverschiedene S\u00e4fteWasser mit Zitrone und Minzeauch gluten- und laktosefrei unter Voranmeldung Preise&hellip;","_links":{"self":[{"href":"https:\/\/update.uhrwerk-gutach.de\/webers-esszeit\/wp-json\/wp\/v2\/pages\/2091","targetHints":{"allow":["GET"]}}],"collection":[{"href":"https:\/\/update.uhrwerk-gutach.de\/webers-esszeit\/wp-json\/wp\/v2\/pages"}],"about":[{"href":"https:\/\/update.uhrwerk-gutach.de\/webers-esszeit\/wp-json\/wp\/v2\/types\/page"}],"author":[{"embeddable":true,"href":"https:\/\/update.uhrwerk-gutach.de\/webers-esszeit\/wp-json\/wp\/v2\/users\/1"}],"replies":[{"embeddable":true,"href":"https:\/\/update.uhrwerk-gutach.de\/webers-esszeit\/wp-json\/wp\/v2\/comments?post=2091"}],"version-history":[{"count":255,"href":"https:\/\/update.uhrwerk-gutach.de\/webers-esszeit\/wp-json\/wp\/v2\/pages\/2091\/revisions"}],"predecessor-version":[{"id":6906,"href":"https:\/\/update.uhrwerk-gutach.de\/webers-esszeit\/wp-json\/wp\/v2\/pages\/2091\/revisions\/6906"}],"wp:attachment":[{"href":"https:\/\/update.uhrwerk-gutach.de\/webers-esszeit\/wp-json\/wp\/v2\/media?parent=2091"}],"curies":[{"name":"wp","href":"https:\/\/api.w.org\/{rel}","templated":true}]}}