{"id":6518,"date":"2024-07-08T09:52:35","date_gmt":"2024-07-08T09:52:35","guid":{"rendered":"https:\/\/uhrwerk-gutach.de\/webers-esszeit\/?page_id=6518"},"modified":"2024-08-21T11:14:11","modified_gmt":"2024-08-21T11:14:11","slug":"reisegruppen-2","status":"publish","type":"page","link":"https:\/\/update.uhrwerk-gutach.de\/webers-esszeit\/reisegruppen-2\/","title":{"rendered":"Reisegruppen"},"content":{"rendered":"\n<div class=\"wp-block-uagb-container uagb-block-7719958f alignfull uagb-is-root-container\"><div class=\"uagb-container-inner-blocks-wrap\">\n<div class=\"wp-block-uagb-advanced-heading uagb-block-a4d36050\"><h1 class=\"uagb-heading-text\">REISEGRUPPEN<\/h1><\/div>\n\n\n\n<p class=\"has-text-align-center has-ast-global-color-5-color has-text-color has-medium-font-size\"><\/p>\n<\/div><\/div>\n\n\n\n<div class=\"wp-block-uagb-container uagb-block-cfb1f826 alignfull uagb-is-root-container\"><div class=\"uagb-container-inner-blocks-wrap\">\n<div class=\"wp-block-uagb-container uagb-block-23dabc65\">\n<div class=\"wp-block-uagb-container uagb-block-b4cfa941\">\n<div class=\"wp-block-uagb-info-box uagb-block-84b695d8 uagb-infobox__content-wrap  uagb-infobox-icon-above-title uagb-infobox-image-valign-top\"><div class=\"uagb-ifb-content\"><div class=\"uagb-ifb-title-wrap\"><span class=\"uagb-ifb-title-prefix\">Sich st\u00e4rken f\u00fcr die Weiterreise<\/span><h3 class=\"uagb-ifb-title\">Rast mitten im Schwarzwald<\/h3><\/div><p class=\"uagb-ifb-desc\">Reisgruppen sind bei uns herzlich willkommen.<br>Besuchen Sie uns zum Fr\u00fchst\u00fcck, Mittagessen, Nachmittagskaffee und \u2013kuchen oder zum stilvollen Abendessen. Wir haben spezielle Men\u00fcvorschl\u00e4ge f\u00fcr Reisegruppen. Gerne stellen wir Ihnen auch ein individuelles Speise- und Getr\u00e4nkeangebot zusammen.<br><br>Fragen Sie unverbindlich an!<\/p><\/div><\/div>\n\n\n\n<div class=\"wp-block-uagb-container uagb-block-6fc66a00\">\n<figure class=\"wp-block-image size-full\"><img loading=\"lazy\" decoding=\"async\" width=\"698\" height=\"960\" src=\"https:\/\/update.uhrwerk-gutach.de\/webers-esszeit\/wp-content\/uploads\/sites\/8\/2024\/07\/Veranstaltungen_Hochzeit.jpg\" alt=\"Veranstaltungen Hochzeit\" class=\"wp-image-6492\" srcset=\"https:\/\/update.uhrwerk-gutach.de\/webers-esszeit\/wp-content\/uploads\/sites\/8\/2024\/07\/Veranstaltungen_Hochzeit.jpg 698w, https:\/\/update.uhrwerk-gutach.de\/webers-esszeit\/wp-content\/uploads\/sites\/8\/2024\/07\/Veranstaltungen_Hochzeit-218x300.jpg 218w\" sizes=\"auto, (max-width: 698px) 100vw, 698px\" \/><\/figure>\n<\/div>\n<\/div>\n\n\n\n<div class=\"wp-block-uagb-separator uagb-block-9c141492\"><div class=\"wp-block-uagb-separator__inner\" style=\"--my-background-image:\"><\/div><\/div>\n<\/div>\n<\/div><\/div>\n\n\n\n\n\n\n<div class=\"wp-block-uagb-container uagb-block-154489ac alignfull uagb-is-root-container\"><div class=\"uagb-container-inner-blocks-wrap\">\n<div class=\"wp-block-uagb-container uagb-block-08572d4e\">\n<div class=\"wp-block-uagb-separator uagb-block-53d50a4c\"><div class=\"wp-block-uagb-separator__inner\" style=\"--my-background-image:\"><\/div><\/div>\n<\/div>\n\n\n\n<h2 class=\"wp-block-heading\">Anfrage f\u00fcr Gruppen ab 15 Personen<\/h2>\n\n\n\n<p style=\"margin-top:0px;margin-right:0;margin-bottom:0px;margin-left:0\">Bitte beachten Sie, dass wir bei gr\u00f6\u00dferen Gruppen ab 15 Personen eine Anfrage per Mail oder via Kontaktformular w\u00fcnschen.<\/p>\n\n\n<div class=\"wpforms-container wpforms-container-full\" id=\"wpforms-1688\"><form id=\"wpforms-form-1688\" class=\"wpforms-validate wpforms-form\" data-formid=\"1688\" method=\"post\" enctype=\"multipart\/form-data\" action=\"\/webers-esszeit\/wp-json\/wp\/v2\/pages\/6518\" data-token=\"1b4d57bc9a082f21cb69d39b0048044f\" data-token-time=\"1776169039\"><noscript class=\"wpforms-error-noscript\">Bitte aktiviere JavaScript in deinem Browser, um dieses Formular fertigzustellen.<\/noscript><div class=\"wpforms-field-container\"><div id=\"wpforms-1688-field_0-container\" class=\"wpforms-field wpforms-field-name\" data-field-id=\"0\"><label class=\"wpforms-field-label\">Name <span class=\"wpforms-required-label\">*<\/span><\/label><div class=\"wpforms-field-row wpforms-field-medium\"><div class=\"wpforms-field-row-block wpforms-first wpforms-one-half\"><input type=\"text\" id=\"wpforms-1688-field_0\" class=\"wpforms-field-name-first wpforms-field-required\" name=\"wpforms[fields][0][first]\" required><label for=\"wpforms-1688-field_0\" class=\"wpforms-field-sublabel after\">Vorname<\/label><\/div><div class=\"wpforms-field-row-block wpforms-one-half\"><input type=\"text\" id=\"wpforms-1688-field_0-last\" class=\"wpforms-field-name-last wpforms-field-required\" name=\"wpforms[fields][0][last]\" required><label for=\"wpforms-1688-field_0-last\" class=\"wpforms-field-sublabel after\">Nachname<\/label><\/div><\/div><\/div><div id=\"wpforms-1688-field_1-container\" class=\"wpforms-field wpforms-field-email\" data-field-id=\"1\"><label class=\"wpforms-field-label\" for=\"wpforms-1688-field_1\">E-Mail <span class=\"wpforms-required-label\">*<\/span><\/label><input type=\"email\" id=\"wpforms-1688-field_1\" class=\"wpforms-field-medium wpforms-field-required\" name=\"wpforms[fields][1]\" spellcheck=\"false\" required><\/div><div id=\"wpforms-1688-field_2-container\" class=\"wpforms-field wpforms-field-textarea\" data-field-id=\"2\"><label class=\"wpforms-field-label\" for=\"wpforms-1688-field_2\">Nachricht <span class=\"wpforms-required-label\">*<\/span><\/label><textarea id=\"wpforms-1688-field_2\" class=\"wpforms-field-medium wpforms-field-required\" name=\"wpforms[fields][2]\" required><\/textarea><\/div><div id=\"wpforms-1688-field_3-container\" class=\"wpforms-field wpforms-field-checkbox\" data-field-id=\"3\"><label class=\"wpforms-field-label\">Datenschutz <span class=\"wpforms-required-label\">*<\/span><\/label><ul id=\"wpforms-1688-field_3\" class=\"wpforms-field-required\"><li class=\"choice-1 depth-1\"><input type=\"checkbox\" id=\"wpforms-1688-field_3_1\" name=\"wpforms[fields][3][]\" value=\"Hiermit erkl\u00e4re ich mich einverstanden, dass Uhrwerk Gutach \/ Webers Esszeit meine angegebenen Daten speichert. Die Daten werden vertraulich behandelt und nicht an Dritte weitergegeben. Sie k\u00f6nnen Ihre Datenspeicherung jederzeit widerrufen. N\u00e4here Informationen finden Sie in unseren Datenschutzbestimmungen.\" required ><label class=\"wpforms-field-label-inline\" for=\"wpforms-1688-field_3_1\">Hiermit erkl\u00e4re ich mich einverstanden, dass Uhrwerk Gutach \/ Webers Esszeit meine angegebenen Daten speichert. Die Daten werden vertraulich behandelt und nicht an Dritte weitergegeben. Sie k\u00f6nnen Ihre Datenspeicherung jederzeit widerrufen. N\u00e4here Informationen finden Sie in unseren Datenschutzbestimmungen.<\/label><\/li><\/ul><\/div><\/div><!-- .wpforms-field-container --><div class=\"wpforms-field wpforms-field-hp\"><label for=\"wpforms-1688-field-hp\" class=\"wpforms-field-label\">Message<\/label><input type=\"text\" name=\"wpforms[hp]\" id=\"wpforms-1688-field-hp\" class=\"wpforms-field-medium\"><\/div><div class=\"wpforms-submit-container\" ><input type=\"hidden\" name=\"wpforms[id]\" value=\"1688\"><input type=\"hidden\" name=\"page_title\" value=\"\"><input type=\"hidden\" name=\"page_url\" value=\"https:\/\/update.uhrwerk-gutach.de\/webers-esszeit\/wp-json\/wp\/v2\/pages\/6518\"><input type=\"hidden\" name=\"url_referer\" value=\"\"><button type=\"submit\" name=\"wpforms[submit]\" id=\"wpforms-submit-1688\" class=\"wpforms-submit\" data-alt-text=\"Senden...\" data-submit-text=\"Absenden\" aria-live=\"assertive\" value=\"wpforms-submit\">Absenden<\/button><\/div><\/form><\/div>  <!-- .wpforms-container -->\n<\/div><\/div>\n","protected":false},"excerpt":{"rendered":"<p>REISEGRUPPEN Anfrage f\u00fcr Gruppen ab 15 Personen Bitte beachten Sie, dass wir bei gr\u00f6\u00dferen Gruppen ab 15 Personen eine Anfrage per Mail oder via Kontaktformular w\u00fcnschen.<\/p>\n","protected":false},"author":1,"featured_media":0,"parent":0,"menu_order":0,"comment_status":"closed","ping_status":"closed","template":"","meta":{"_uag_custom_page_level_css":"","site-sidebar-layout":"default","site-content-layout":"","ast-site-content-layout":"default","site-content-style":"default","site-sidebar-style":"default","ast-global-header-display":"","ast-banner-title-visibility":"","ast-main-header-display":"","ast-hfb-above-header-display":"","ast-hfb-below-header-display":"","ast-hfb-mobile-header-display":"","site-post-title":"disabled","ast-breadcrumbs-content":"","ast-featured-img":"","footer-sml-layout":"","ast-disable-related-posts":"","theme-transparent-header-meta":"","adv-header-id-meta":"","stick-header-meta":"","header-above-stick-meta":"","header-main-stick-meta":"","header-below-stick-meta":"","astra-migrate-meta-layouts":"set","ast-page-background-enabled":"default","ast-page-background-meta":{"desktop":{"background-color":"var(--ast-global-color-4)","background-image":"","background-repeat":"repeat","background-position":"center center","background-size":"auto","background-attachment":"scroll","background-type":"","background-media":"","overlay-type":"","overlay-color":"","overlay-opacity":"","overlay-gradient":""},"tablet":{"background-color":"","background-image":"","background-repeat":"repeat","background-position":"center center","background-size":"auto","background-attachment":"scroll","background-type":"","background-media":"","overlay-type":"","overlay-color":"","overlay-opacity":"","overlay-gradient":""},"mobile":{"background-color":"","background-image":"","background-repeat":"repeat","background-position":"center center","background-size":"auto","background-attachment":"scroll","background-type":"","background-media":"","overlay-type":"","overlay-color":"","overlay-opacity":"","overlay-gradient":""}},"ast-content-background-meta":{"desktop":{"background-color":"var(--ast-global-color-5)","background-image":"","background-repeat":"repeat","background-position":"center center","background-size":"auto","background-attachment":"scroll","background-type":"","background-media":"","overlay-type":"","overlay-color":"","overlay-opacity":"","overlay-gradient":""},"tablet":{"background-color":"var(--ast-global-color-5)","background-image":"","background-repeat":"repeat","background-position":"center center","background-size":"auto","background-attachment":"scroll","background-type":"","background-media":"","overlay-type":"","overlay-color":"","overlay-opacity":"","overlay-gradient":""},"mobile":{"background-color":"var(--ast-global-color-5)","background-image":"","background-repeat":"repeat","background-position":"center center","background-size":"auto","background-attachment":"scroll","background-type":"","background-media":"","overlay-type":"","overlay-color":"","overlay-opacity":"","overlay-gradient":""}},"footnotes":""},"class_list":["post-6518","page","type-page","status-publish","hentry"],"uagb_featured_image_src":{"full":false,"thumbnail":false,"medium":false,"medium_large":false,"large":false,"1536x1536":false,"2048x2048":false},"uagb_author_info":{"display_name":"admin","author_link":"https:\/\/update.uhrwerk-gutach.de\/webers-esszeit\/author\/cweber\/"},"uagb_comment_info":0,"uagb_excerpt":"REISEGRUPPEN Anfrage f\u00fcr Gruppen ab 15 Personen Bitte beachten Sie, dass wir bei gr\u00f6\u00dferen Gruppen ab 15 Personen eine Anfrage per Mail oder via Kontaktformular w\u00fcnschen.","_links":{"self":[{"href":"https:\/\/update.uhrwerk-gutach.de\/webers-esszeit\/wp-json\/wp\/v2\/pages\/6518","targetHints":{"allow":["GET"]}}],"collection":[{"href":"https:\/\/update.uhrwerk-gutach.de\/webers-esszeit\/wp-json\/wp\/v2\/pages"}],"about":[{"href":"https:\/\/update.uhrwerk-gutach.de\/webers-esszeit\/wp-json\/wp\/v2\/types\/page"}],"author":[{"embeddable":true,"href":"https:\/\/update.uhrwerk-gutach.de\/webers-esszeit\/wp-json\/wp\/v2\/users\/1"}],"replies":[{"embeddable":true,"href":"https:\/\/update.uhrwerk-gutach.de\/webers-esszeit\/wp-json\/wp\/v2\/comments?post=6518"}],"version-history":[{"count":9,"href":"https:\/\/update.uhrwerk-gutach.de\/webers-esszeit\/wp-json\/wp\/v2\/pages\/6518\/revisions"}],"predecessor-version":[{"id":6652,"href":"https:\/\/update.uhrwerk-gutach.de\/webers-esszeit\/wp-json\/wp\/v2\/pages\/6518\/revisions\/6652"}],"wp:attachment":[{"href":"https:\/\/update.uhrwerk-gutach.de\/webers-esszeit\/wp-json\/wp\/v2\/media?parent=6518"}],"curies":[{"name":"wp","href":"https:\/\/api.w.org\/{rel}","templated":true}]}}